{"id":10,"date":"2023-05-20T21:13:49","date_gmt":"2023-05-20T21:13:49","guid":{"rendered":"https:\/\/www.elabra.cl\/informegestion2022\/?page_id=10"},"modified":"2023-06-08T22:34:16","modified_gmt":"2023-06-08T22:34:16","slug":"etica-y-cumplimiento","status":"publish","type":"page","link":"https:\/\/www.elabra.cl\/informegestion2022\/nosotros\/etica-y-cumplimiento\/","title":{"rendered":"1\/A \u00c9tica y Cumplimiento"},"content":{"rendered":"\t\t<div data-elementor-type=\"wp-page\" data-elementor-id=\"10\" class=\"elementor elementor-10\">\n\t\t\t\t\t\t\t\t\t<section class=\"elementor-section elementor-top-section elementor-element elementor-element-4053fc3f elementor-section-boxed elementor-section-height-default elementor-section-height-default\" data-id=\"4053fc3f\" data-element_type=\"section\">\n\t\t\t\t\t\t<div class=\"elementor-container elementor-column-gap-default\">\n\t\t\t\t\t<div class=\"elementor-column elementor-col-100 elementor-top-column elementor-element elementor-element-69a667b8\" data-id=\"69a667b8\" data-element_type=\"column\">\n\t\t\t<div class=\"elementor-widget-wrap elementor-element-populated\">\n\t\t\t\t\t\t\t\t<div class=\"elementor-element elementor-element-9ea0211 elementor-widget elementor-widget-heading\" data-id=\"9ea0211\" data-element_type=\"widget\" data-widget_type=\"heading.default\">\n\t\t\t\t<div class=\"elementor-widget-container\">\n\t\t\t<style>\/*! elementor - v3.13.3 - 22-05-2023 *\/\n.elementor-heading-title{padding:0;margin:0;line-height:1}.elementor-widget-heading .elementor-heading-title[class*=elementor-size-]>a{color:inherit;font-size:inherit;line-height:inherit}.elementor-widget-heading .elementor-heading-title.elementor-size-small{font-size:15px}.elementor-widget-heading .elementor-heading-title.elementor-size-medium{font-size:19px}.elementor-widget-heading .elementor-heading-title.elementor-size-large{font-size:29px}.elementor-widget-heading .elementor-heading-title.elementor-size-xl{font-size:39px}.elementor-widget-heading .elementor-heading-title.elementor-size-xxl{font-size:59px}<\/style><h2 class=\"elementor-heading-title elementor-size-default\">Cap\u00edtulo 1<\/h2>\t\t<\/div>\n\t\t\t\t<\/div>\n\t\t\t\t<div class=\"elementor-element elementor-element-2501acee elementor-widget elementor-widget-heading\" data-id=\"2501acee\" data-element_type=\"widget\" data-widget_type=\"heading.default\">\n\t\t\t\t<div class=\"elementor-widget-container\">\n\t\t\t<h2 class=\"elementor-heading-title elementor-size-default\">Nosotros<\/h2>\t\t<\/div>\n\t\t\t\t<\/div>\n\t\t\t\t\t<\/div>\n\t\t<\/div>\n\t\t\t\t\t\t\t<\/div>\n\t\t<\/section>\n\t\t\t\t<section class=\"elementor-section elementor-top-section elementor-element elementor-element-45448f23 elementor-section-boxed elementor-section-height-default elementor-section-height-default\" data-id=\"45448f23\" data-element_type=\"section\" data-settings=\"{&quot;background_background&quot;:&quot;classic&quot;}\">\n\t\t\t\t\t\t<div class=\"elementor-container elementor-column-gap-default\">\n\t\t\t\t\t<div class=\"elementor-column elementor-col-100 elementor-top-column elementor-element elementor-element-67965dea\" data-id=\"67965dea\" data-element_type=\"column\">\n\t\t\t<div class=\"elementor-widget-wrap elementor-element-populated\">\n\t\t\t\t\t\t\t\t<div class=\"elementor-element elementor-element-198d96fa elementor-widget elementor-widget-heading\" data-id=\"198d96fa\" data-element_type=\"widget\" data-widget_type=\"heading.default\">\n\t\t\t\t<div class=\"elementor-widget-container\">\n\t\t\t<h2 class=\"elementor-heading-title elementor-size-default\">1\/A \u00c9tica y Cumplimiento<\/h2>\t\t<\/div>\n\t\t\t\t<\/div>\n\t\t\t\t\t<\/div>\n\t\t<\/div>\n\t\t\t\t\t\t\t<\/div>\n\t\t<\/section>\n\t\t\t\t<section class=\"elementor-section elementor-top-section elementor-element elementor-element-eb24a1d elementor-section-boxed elementor-section-height-default elementor-section-height-default\" data-id=\"eb24a1d\" data-element_type=\"section\">\n\t\t\t\t\t\t<div class=\"elementor-container elementor-column-gap-default\">\n\t\t\t\t\t<div class=\"elementor-column elementor-col-100 elementor-top-column elementor-element elementor-element-1a02fea\" data-id=\"1a02fea\" data-element_type=\"column\">\n\t\t\t<div class=\"elementor-widget-wrap elementor-element-populated\">\n\t\t\t\t\t\t\t\t<div class=\"elementor-element elementor-element-fbc09ba elementor-widget elementor-widget-text-editor\" data-id=\"fbc09ba\" data-element_type=\"widget\" data-widget_type=\"text-editor.default\">\n\t\t\t\t<div class=\"elementor-widget-container\">\n\t\t\t<style>\/*! elementor - v3.13.3 - 22-05-2023 *\/\n.elementor-widget-text-editor.elementor-drop-cap-view-stacked .elementor-drop-cap{background-color:#69727d;color:#fff}.elementor-widget-text-editor.elementor-drop-cap-view-framed .elementor-drop-cap{color:#69727d;border:3px solid;background-color:transparent}.elementor-widget-text-editor:not(.elementor-drop-cap-view-default) .elementor-drop-cap{margin-top:8px}.elementor-widget-text-editor:not(.elementor-drop-cap-view-default) .elementor-drop-cap-letter{width:1em;height:1em}.elementor-widget-text-editor .elementor-drop-cap{float:left;text-align:center;line-height:1;font-size:50px}.elementor-widget-text-editor .elementor-drop-cap-letter{display:inline-block}<\/style>\t\t\t\t<p>En El Abra estamos comprometidos con guiar nuestras conductas y ejecutar los quehaceres en base a los valores y directrices estipulados en nuestros Principios de Conducta Empresarial: integridad; salud y seguridad de las personas que trabajan con nosotros y sus familias; excelencia en todas nuestras labores; el respeto y el compromiso con la sostenibilidad de nuestro negocio.<\/p><p>En Chile, contamos con un equipo de Cumplimiento que est\u00e1 en permanente contacto con la organizaci\u00f3n a nivel global y con actores externos, lo que permite recoger las mejores pr\u00e1cticas. Como parte de sus actividades, este equipo entrega informaci\u00f3n a trabajadores y trabajadoras para asegurar la integridad y la probidad en la empresa, pol\u00edticas y principios, realiza las investigaciones de las denuncias que recibe, actualiza sus modelos, buenas pr\u00e1cticas y modificaciones legales, y elabora reportes al Directorio de El Abra con las actividades realizadas cada semestre.<\/p><p><img loading=\"lazy\" decoding=\"async\" class=\"alignnone wp-image-663 size-full\" src=\"http:\/\/elabra.cl\/informegestion2022\/wp-content\/uploads\/2023\/05\/img-1.jpg\" alt=\"\" width=\"865\" height=\"555\" srcset=\"https:\/\/www.elabra.cl\/informegestion2022\/wp-content\/uploads\/2023\/05\/img-1.jpg 865w, https:\/\/www.elabra.cl\/informegestion2022\/wp-content\/uploads\/2023\/05\/img-1-300x192.jpg 300w, https:\/\/www.elabra.cl\/informegestion2022\/wp-content\/uploads\/2023\/05\/img-1-768x493.jpg 768w, https:\/\/www.elabra.cl\/informegestion2022\/wp-content\/uploads\/2023\/05\/img-1-500x321.jpg 500w\" sizes=\"auto, (max-width: 865px) 100vw, 865px\" \/><\/p><p>En 2022 se actualiz\u00f3 la matriz de riesgos de El Abra para los delitos sancionados por la Ley 20.393 sobre responsabilidad penal de las personas jur\u00eddicas. Esta matriz documenta, analiza y determina los controles existentes para evitar, dentro de lo posible y aceptable, el riesgo al que se encuentra sometida la compa\u00f1\u00eda, de cometer algunos de los delitos sancionados por tal ley. De esta forma, la matriz es un instrumento que nos ayuda a saber qu\u00e9 riesgos existen en El Abra, qu\u00e9 controles aplicamos, c\u00f3mo los aplicamos y nos permite adem\u00e1s verificar el cumplimiento de estos.<\/p><p>Tambi\u00e9n durante 2022 se implementaron formularios electr\u00f3nicos tanto para preparar solicitudes de donaciones, como para la autorizaci\u00f3n de regalos, comidas y entretenimiento de funcionarios p\u00fablicos.<\/p>\t\t\t\t\t\t<\/div>\n\t\t\t\t<\/div>\n\t\t\t\t\t<\/div>\n\t\t<\/div>\n\t\t\t\t\t\t\t<\/div>\n\t\t<\/section>\n\t\t\t\t\t\t\t<\/div>\n\t\t","protected":false},"excerpt":{"rendered":"<p>Cap\u00edtulo 1 Nosotros 1\/A \u00c9tica y Cumplimiento En El Abra estamos comprometidos con guiar nuestras conductas y ejecutar los quehaceres en base a los valores y directrices estipulados en nuestros Principios de Conducta Empresarial: integridad; salud y seguridad de las personas que trabajan con nosotros y sus familias; excelencia en&#8230;<\/p>\n","protected":false},"author":1,"featured_media":0,"parent":5,"menu_order":0,"comment_status":"closed","ping_status":"closed","template":"","meta":{"footnotes":""},"class_list":["post-10","page","type-page","status-publish","hentry"],"_links":{"self":[{"href":"https:\/\/www.elabra.cl\/informegestion2022\/wp-json\/wp\/v2\/pages\/10","targetHints":{"allow":["GET"]}}],"collection":[{"href":"https:\/\/www.elabra.cl\/informegestion2022\/wp-json\/wp\/v2\/pages"}],"about":[{"href":"https:\/\/www.elabra.cl\/informegestion2022\/wp-json\/wp\/v2\/types\/page"}],"author":[{"embeddable":true,"href":"https:\/\/www.elabra.cl\/informegestion2022\/wp-json\/wp\/v2\/users\/1"}],"replies":[{"embeddable":true,"href":"https:\/\/www.elabra.cl\/informegestion2022\/wp-json\/wp\/v2\/comments?post=10"}],"version-history":[{"count":32,"href":"https:\/\/www.elabra.cl\/informegestion2022\/wp-json\/wp\/v2\/pages\/10\/revisions"}],"predecessor-version":[{"id":666,"href":"https:\/\/www.elabra.cl\/informegestion2022\/wp-json\/wp\/v2\/pages\/10\/revisions\/666"}],"up":[{"embeddable":true,"href":"https:\/\/www.elabra.cl\/informegestion2022\/wp-json\/wp\/v2\/pages\/5"}],"wp:attachment":[{"href":"https:\/\/www.elabra.cl\/informegestion2022\/wp-json\/wp\/v2\/media?parent=10"}],"curies":[{"name":"wp","href":"https:\/\/api.w.org\/{rel}","templated":true}]}}