{"id":22,"date":"2022-04-20T21:04:02","date_gmt":"2022-04-20T21:04:02","guid":{"rendered":"https:\/\/www.elabra.cl\/informegestion2021\/?page_id=22"},"modified":"2022-05-03T22:50:42","modified_gmt":"2022-05-03T22:50:42","slug":"nuestro-entorno","status":"publish","type":"page","link":"https:\/\/www.elabra.cl\/informegestion2021\/nuestro-entorno\/","title":{"rendered":"Nuestro Entorno"},"content":{"rendered":"\t\t<div data-elementor-type=\"wp-page\" data-elementor-id=\"22\" class=\"elementor elementor-22\">\n\t\t\t\t\t\t\t\t\t<section class=\"elementor-section elementor-top-section elementor-element elementor-element-57f78c7 elementor-section-boxed elementor-section-height-default elementor-section-height-default\" data-id=\"57f78c7\" data-element_type=\"section\">\n\t\t\t\t\t\t<div class=\"elementor-container elementor-column-gap-default\">\n\t\t\t\t\t<div class=\"elementor-column elementor-col-100 elementor-top-column elementor-element elementor-element-3f275cf\" data-id=\"3f275cf\" data-element_type=\"column\">\n\t\t\t<div class=\"elementor-widget-wrap elementor-element-populated\">\n\t\t\t\t\t\t\t\t<div class=\"elementor-element elementor-element-7ac6342 elementor-widget elementor-widget-image\" data-id=\"7ac6342\" data-element_type=\"widget\" data-widget_type=\"image.default\">\n\t\t\t\t<div class=\"elementor-widget-container\">\n\t\t\t<style>\/*! elementor - v3.6.4 - 13-04-2022 *\/\n.elementor-widget-image{text-align:center}.elementor-widget-image a{display:inline-block}.elementor-widget-image a img[src$=\".svg\"]{width:48px}.elementor-widget-image img{vertical-align:middle;display:inline-block}<\/style>\t\t\t\t\t\t\t\t\t\t\t\t<img loading=\"lazy\" decoding=\"async\" width=\"620\" height=\"322\" src=\"https:\/\/www.elabra.cl\/informegestion2021\/wp-content\/uploads\/2022\/05\/cabecera-1.jpg\" class=\"attachment-large size-large\" alt=\"\" srcset=\"https:\/\/www.elabra.cl\/informegestion2021\/wp-content\/uploads\/2022\/05\/cabecera-1.jpg 692w, https:\/\/www.elabra.cl\/informegestion2021\/wp-content\/uploads\/2022\/05\/cabecera-1-300x156.jpg 300w, https:\/\/www.elabra.cl\/informegestion2021\/wp-content\/uploads\/2022\/05\/cabecera-1-500x259.jpg 500w\" sizes=\"auto, (max-width: 620px) 100vw, 620px\" \/>\t\t\t\t\t\t\t\t\t\t\t\t\t\t\t<\/div>\n\t\t\t\t<\/div>\n\t\t\t\t\t<\/div>\n\t\t<\/div>\n\t\t\t\t\t\t\t<\/div>\n\t\t<\/section>\n\t\t\t\t<section class=\"elementor-section elementor-top-section elementor-element elementor-element-a67e4fc elementor-section-boxed elementor-section-height-default elementor-section-height-default\" data-id=\"a67e4fc\" data-element_type=\"section\">\n\t\t\t\t\t\t<div class=\"elementor-container elementor-column-gap-default\">\n\t\t\t\t\t<div class=\"elementor-column elementor-col-100 elementor-top-column elementor-element elementor-element-29fdb36\" data-id=\"29fdb36\" data-element_type=\"column\">\n\t\t\t<div class=\"elementor-widget-wrap elementor-element-populated\">\n\t\t\t\t\t\t\t\t<div class=\"elementor-element elementor-element-2c0fbf4 elementor-widget elementor-widget-text-editor\" data-id=\"2c0fbf4\" data-element_type=\"widget\" data-widget_type=\"text-editor.default\">\n\t\t\t\t<div class=\"elementor-widget-container\">\n\t\t\t<style>\/*! elementor - v3.6.4 - 13-04-2022 *\/\n.elementor-widget-text-editor.elementor-drop-cap-view-stacked .elementor-drop-cap{background-color:#818a91;color:#fff}.elementor-widget-text-editor.elementor-drop-cap-view-framed .elementor-drop-cap{color:#818a91;border:3px solid;background-color:transparent}.elementor-widget-text-editor:not(.elementor-drop-cap-view-default) .elementor-drop-cap{margin-top:8px}.elementor-widget-text-editor:not(.elementor-drop-cap-view-default) .elementor-drop-cap-letter{width:1em;height:1em}.elementor-widget-text-editor .elementor-drop-cap{float:left;text-align:center;line-height:1;font-size:50px}.elementor-widget-text-editor .elementor-drop-cap-letter{display:inline-block}<\/style>\t\t\t\t<p class=\"p1\"><span class=\"s1\">Nuestra compa\u00f1\u00eda promueve un di\u00e1logo transparente y productivo con las distintas partes interesadas y grupos de inter\u00e9s, buscando generar relaciones de confianza con las comunidades, las autoridades locales, proveedores, clientes, empleados y organizaciones de la sociedad civil.<span class=\"Apple-converted-space\">\u00a0<\/span><\/span><\/p>\t\t\t\t\t\t<\/div>\n\t\t\t\t<\/div>\n\t\t\t\t\t<\/div>\n\t\t<\/div>\n\t\t\t\t\t\t\t<\/div>\n\t\t<\/section>\n\t\t\t\t<section class=\"elementor-section elementor-top-section elementor-element elementor-element-29cfd5b elementor-section-boxed elementor-section-height-default elementor-section-height-default\" data-id=\"29cfd5b\" data-element_type=\"section\">\n\t\t\t\t\t\t<div class=\"elementor-container elementor-column-gap-default\">\n\t\t\t\t\t<div class=\"elementor-column elementor-col-100 elementor-top-column elementor-element elementor-element-994475f\" data-id=\"994475f\" data-element_type=\"column\">\n\t\t\t<div class=\"elementor-widget-wrap elementor-element-populated\">\n\t\t\t\t\t\t\t\t<div class=\"elementor-element elementor-element-dbfbf41 elementor-widget elementor-widget-text-editor\" data-id=\"dbfbf41\" data-element_type=\"widget\" data-widget_type=\"text-editor.default\">\n\t\t\t\t<div class=\"elementor-widget-container\">\n\t\t\t\t\t\t\t<p class=\"p1\"><span class=\"s1\">En nuestro proceso productivo, respetamos el medioambiente y nos comprometemos a mitigar y remediar los impactos adversos que podamos causar, mientras buscamos de manera conjunta oportunidades que maximicen y mantengan los beneficios sociales y econ\u00f3micos.<\/span><\/p><p class=\"p1\"><span class=\"s1\">Debido a las restricciones sanitarias, durante 2021 la interacci\u00f3n con nuestras partes interesadas se desarroll\u00f3 en gran medida de manera virtual. Sin embargo, dado que ya cont\u00e1bamos con la experiencia del a\u00f1o anterior, nuestra capacidad de relacionamiento con las comunidades y el entorno cercano a nuestra faena no se vio de ninguna manera limitado.<\/span><\/p>\t\t\t\t\t\t<\/div>\n\t\t\t\t<\/div>\n\t\t\t\t\t<\/div>\n\t\t<\/div>\n\t\t\t\t\t\t\t<\/div>\n\t\t<\/section>\n\t\t\t\t<section class=\"elementor-section elementor-top-section elementor-element elementor-element-8dc0b9c elementor-section-boxed elementor-section-height-default elementor-section-height-default\" data-id=\"8dc0b9c\" data-element_type=\"section\">\n\t\t\t\t\t\t<div class=\"elementor-container elementor-column-gap-default\">\n\t\t\t\t\t<div class=\"elementor-column elementor-col-100 elementor-top-column elementor-element elementor-element-ee034da\" data-id=\"ee034da\" data-element_type=\"column\">\n\t\t\t<div class=\"elementor-widget-wrap elementor-element-populated\">\n\t\t\t\t\t\t\t\t<div class=\"elementor-element elementor-element-0296d2c elementor-widget elementor-widget-image\" data-id=\"0296d2c\" data-element_type=\"widget\" data-widget_type=\"image.default\">\n\t\t\t\t<div class=\"elementor-widget-container\">\n\t\t\t\t\t\t\t\t\t\t\t\t\t\t\t<img loading=\"lazy\" decoding=\"async\" width=\"620\" height=\"264\" src=\"https:\/\/www.elabra.cl\/informegestion2021\/wp-content\/uploads\/2022\/05\/MA1.jpg\" class=\"attachment-large size-large\" alt=\"\" srcset=\"https:\/\/www.elabra.cl\/informegestion2021\/wp-content\/uploads\/2022\/05\/MA1.jpg 704w, https:\/\/www.elabra.cl\/informegestion2021\/wp-content\/uploads\/2022\/05\/MA1-300x128.jpg 300w, https:\/\/www.elabra.cl\/informegestion2021\/wp-content\/uploads\/2022\/05\/MA1-500x213.jpg 500w\" sizes=\"auto, (max-width: 620px) 100vw, 620px\" \/>\t\t\t\t\t\t\t\t\t\t\t\t\t\t\t<\/div>\n\t\t\t\t<\/div>\n\t\t\t\t\t<\/div>\n\t\t<\/div>\n\t\t\t\t\t\t\t<\/div>\n\t\t<\/section>\n\t\t\t\t\t\t\t<\/div>\n\t\t","protected":false},"excerpt":{"rendered":"<p>Nuestra compa\u00f1\u00eda promueve un di\u00e1logo transparente y productivo con las distintas partes interesadas y grupos de inter\u00e9s, buscando generar relaciones de confianza con las comunidades, las autoridades locales, proveedores, clientes, empleados y organizaciones de la sociedad civil.\u00a0 En nuestro proceso productivo, respetamos el medioambiente y nos comprometemos a mitigar y&#8230;<\/p>\n","protected":false},"author":1,"featured_media":0,"parent":0,"menu_order":0,"comment_status":"closed","ping_status":"closed","template":"","meta":{"footnotes":""},"class_list":["post-22","page","type-page","status-publish","hentry"],"_links":{"self":[{"href":"https:\/\/www.elabra.cl\/informegestion2021\/wp-json\/wp\/v2\/pages\/22","targetHints":{"allow":["GET"]}}],"collection":[{"href":"https:\/\/www.elabra.cl\/informegestion2021\/wp-json\/wp\/v2\/pages"}],"about":[{"href":"https:\/\/www.elabra.cl\/informegestion2021\/wp-json\/wp\/v2\/types\/page"}],"author":[{"embeddable":true,"href":"https:\/\/www.elabra.cl\/informegestion2021\/wp-json\/wp\/v2\/users\/1"}],"replies":[{"embeddable":true,"href":"https:\/\/www.elabra.cl\/informegestion2021\/wp-json\/wp\/v2\/comments?post=22"}],"version-history":[{"count":4,"href":"https:\/\/www.elabra.cl\/informegestion2021\/wp-json\/wp\/v2\/pages\/22\/revisions"}],"predecessor-version":[{"id":261,"href":"https:\/\/www.elabra.cl\/informegestion2021\/wp-json\/wp\/v2\/pages\/22\/revisions\/261"}],"wp:attachment":[{"href":"https:\/\/www.elabra.cl\/informegestion2021\/wp-json\/wp\/v2\/media?parent=22"}],"curies":[{"name":"wp","href":"https:\/\/api.w.org\/{rel}","templated":true}]}}