{"id":789,"date":"2021-03-11T19:45:04","date_gmt":"2021-03-11T19:45:04","guid":{"rendered":"http:\/\/www.ig2020.iunta.com\/?page_id=789"},"modified":"2021-03-18T15:20:21","modified_gmt":"2021-03-18T15:20:21","slug":"el-abra-y-el-manejo-de-la-pandemia-covid-19","status":"publish","type":"page","link":"https:\/\/www.elabra.cl\/informegestion2020\/nosotros\/el-abra-y-el-manejo-de-la-pandemia-covid-19\/","title":{"rendered":"El Abra y el Manejo de la Pandemia Covid-19"},"content":{"rendered":"[vc_row][vc_column width=\u00bb2\/3&#8243;][vc_empty_space height=\u00bb10px\u00bb][vc_custom_heading text=\u00bbDurante 2020, los ritmos de producci\u00f3n y crecimiento a nivel mundial estuvieron supeditados a la evoluci\u00f3n del COVID-19. La industria minera no fue una excepci\u00f3n, y el desarrollo operacional de Minera El Abra se vio impactado por la pandemia. A principios de marzo se registr\u00f3 el primer caso en Chile y, a partir de esa fecha, todas las rutinas debieron adaptarse al nuevo contexto. La compa\u00f1\u00eda tom\u00f3 diversas decisiones con el fin de proteger la salud y seguridad de los trabajadores y trabajadoras, ajustando la operaci\u00f3n de la faena. Adem\u00e1s, entreg\u00f3 apoyo a las comunidades aleda\u00f1as y al sistema de salud en la Regi\u00f3n de Antofagasta.\u00bb font_container=\u00bbtag:h2|font_size:21|text_align:left|color:%233d74b5|line_height:1%2C4&#8243; google_fonts=\u00bbfont_family:Open%20Sans%3A300%2C300italic%2Cregular%2Citalic%2C600%2C600italic%2C700%2C700italic%2C800%2C800italic|font_style:400%20regular%3A400%3Anormal\u00bb][\/vc_column][vc_column width=\u00bb1\/3&#8243;][vc_single_image image=\u00bb897&#8243; img_size=\u00bbfull\u00bb alignment=\u00bbcenter\u00bb css_animation=\u00bbfadeIn\u00bb][\/vc_column][\/vc_row][vc_row][vc_column][vc_column_text]\n<h2>Medidas internas<\/h2>\n<p>Desde el momento en que se declar\u00f3 el estado de calamidad en el pa\u00eds producto del COVID-19, las medidas que se tomaron en faena estuvieron centradas en la protecci\u00f3n de las personas.<\/p>\n<p>Con el prop\u00f3sito de mantener la continuidad operacional, junto con tomar todas las precauciones sanitarias establecidas por las autoridades, se disminuy\u00f3 la presencia de personal en la faena, para favorecer el distanciamiento f\u00edsico, especialmente en \u00e1reas como el control de acceso, casinos, salas de cambio, salas de capacitaci\u00f3n y el transporte desde y hacia la faena. Adem\u00e1s, se tomaron medidas para el control de posibles s\u00edntomas entre trabajadoras y trabajadores, internos y externos.<\/p>\n<p>La crisis sanitaria, adem\u00e1s, llev\u00f3 a detener algunos proyectos y ajustar las dotaciones de empresas colaboradoras a lo estrictamente necesario. A medida que la ciencia fue descubriendo y aportando m\u00e1s informaci\u00f3n acerca del virus y su forma de propagaci\u00f3n, implementamos m\u00e1s controles preventivos y reiniciamos los proyectos m\u00e1s urgentes.<\/p>\n<p>En este contexto in\u00e9dito, la adaptabilidad al cambio y la capacidad de ser flexibles result\u00f3 fundamental para continuar las rutinas tanto en el estilo de vida como en el trabajo, con la utilizaci\u00f3n de sistemas online y mejorando la conectividad para trabajar de manera remota.[\/vc_column_text][\/vc_column][\/vc_row][vc_row][vc_column][vc_empty_space height=\u00bb15px\u00bb][vc_single_image image=\u00bb815&#8243; img_size=\u00bbfull\u00bb alignment=\u00bbcenter\u00bb css_animation=\u00bbfadeIn\u00bb][vc_empty_space height=\u00bb15px\u00bb][\/vc_column][\/vc_row][vc_row][vc_column][vc_column_text]\n<h2>Aporte al Servicio de Salud<\/h2>\n<p>El fortalecimiento del Servicio de Salud Regional fue clave en la crisis sanitaria. Es por ello que El Abra realiz\u00f3 diversas donaciones de apoyo a la labor de los profesionales de la salud.[\/vc_column_text][vc_row_inner][vc_column_inner width=\u00bb1\/3&#8243;][vc_single_image image=\u00bb846&#8243; img_size=\u00bbfull\u00bb alignment=\u00bbcenter\u00bb css_animation=\u00bbfadeIn\u00bb][\/vc_column_inner][vc_column_inner width=\u00bb2\/3&#8243;][vc_column_text]\n<h3>Ambulancia para el Hospital de Calama<\/h3>\n<p>A mediados de mayo, Minera El Abra don\u00f3 una ambulancia de emergencia avanzada al Hospital de Calama Dr. Carlos Cisternas, a modo de apoyo al traslado de pacientes, particularmente en un a\u00f1o de pandemia, y mejorando la capacidad de respuesta del hospital.<\/p>\n<p>Gracias a la nueva ambulancia, hasta finales de octubre se hab\u00edan realizado m\u00e1s de 600 traslados y se pudo llegar a tiempo para movilizar a pacientes cr\u00edticos con COVID-19 desde zonas lejanas de la ciudad de Calama, como San Pedro de Atacama, Ollag\u00fce, Alto El Loa, Calama, Antofagasta, Mar\u00eda Elena y Tocopilla.[\/vc_column_text][\/vc_column_inner][\/vc_row_inner][\/vc_column][\/vc_row][vc_row css=\u00bb.vc_custom_1615584365687{padding-right: 15px !important;padding-left: 15px !important;}\u00bb][vc_column][vc_row_inner css=\u00bb.vc_custom_1615584165876{background-color: #3d74b5 !important;}\u00bb][vc_column_inner css=\u00bb.vc_custom_1615584176038{margin-top: 0px !important;margin-bottom: 0px !important;padding-right: 25px !important;padding-left: 25px !important;}\u00bb][vc_column_text css=\u00bb.vc_custom_1615836921449{margin-top: 0px !important;margin-bottom: 0px !important;}\u00bb]\n<blockquote>\n<p><span style=\"color: #ffffff;\">Toda donaci\u00f3n de empresas y personas naturales ha sido importante para el apoyo que hoy requerimos en nuestra labor de salud ante esta pandemia. Esta ambulancia no solo significa una ayuda en el corto plazo para nuestro hospital, sino que ser\u00e1 de gran ayuda para el futuro\u201d.<\/span><\/p>\n<p><span style=\"color: #ffffff;\"><strong>Dr. Jos\u00e9 Luis Pastor<\/strong><\/span><br \/>\n<span style=\"color: #ffffff;\">Director del Hospital de Calama Dr. Carlos Cisternas<\/span><\/p>\n<\/blockquote>\n[\/vc_column_text][\/vc_column_inner][\/vc_row_inner][\/vc_column][\/vc_row][vc_row][vc_column][vc_empty_space][vc_row_inner][vc_column_inner width=\u00bb2\/3&#8243;][vc_column_text]\n<h3>Donaci\u00f3n de ventiladores mec\u00e1nicos e insumos m\u00e9dicos en Regi\u00f3n de Antofagasta<\/h3>\n<p>En junio El Abra don\u00f3 cuatro ventiladores mec\u00e1nicos al Hospital de Calama Dr. Carlos Cisternas, m\u00e1quinas esenciales para la atenci\u00f3n de pacientes cr\u00edticos. La importaci\u00f3n se gestion\u00f3 a trav\u00e9s del Consejo Minero, que ejecut\u00f3 esta iniciativa mediante el Fondo Privado de Emergencia para la Salud creado por la Confederaci\u00f3n de la Producci\u00f3n y el Comercio (CPC).<\/p>\n<p>La entrega de insumos sanitarios tambi\u00e9n fue otro aporte relevante para la seguridad del personal de salud. De este modo, se hizo entrega de 6.800 mascarillas N95 y 3.000 litros de alcohol gel en Calama; y de 3.600 mascarillas y 300 litros de alcohol gel en el Hospital Comunitario Marcos Macuada de Tocopilla.<\/p>\n<p>Por otra parte, para reforzar el trabajo de los centros de atenci\u00f3n de salud primaria, se don\u00f3 al centro de Alto El Loa 1.500 mascarillas N95, 480 overoles y 240 dispositivos de alcohol gel. Este aporte fue entregado a la Corporaci\u00f3n Municipal de Desarrollo Social de Calama con el objetivo de mejorar la atenci\u00f3n en postas rurales y estaciones m\u00e9dicas rurales en las comunidades de Chiu Chiu, Caspana, Ayquina, Toconce, Lasana y Ollag\u00fce.[\/vc_column_text][\/vc_column_inner][vc_column_inner width=\u00bb1\/3&#8243;][vc_empty_space height=\u00bb15px\u00bb][vc_single_image image=\u00bb851&#8243; img_size=\u00bbfull\u00bb alignment=\u00bbcenter\u00bb css_animation=\u00bbfadeIn\u00bb][\/vc_column_inner][\/vc_row_inner][vc_empty_space][vc_row_inner][vc_column_inner width=\u00bb1\/3&#8243;][vc_empty_space height=\u00bb15px\u00bb][vc_single_image image=\u00bb852&#8243; img_size=\u00bbfull\u00bb alignment=\u00bbcenter\u00bb css_animation=\u00bbfadeIn\u00bb][\/vc_column_inner][vc_column_inner width=\u00bb2\/3&#8243;][vc_column_text]\n<h3>Apoyo a las comunidades<\/h3>\n<p>Los vecinos y vecinas de la Regi\u00f3n de Antofagasta, tal como ocurri\u00f3 en todas las regiones del pa\u00eds, se vieron afectados por la pandemia y sus consecuencias econ\u00f3micas y sociales. Por ello, El Abra reforz\u00f3 su aporte a las comunidades cercanas a la faena.<\/p>\n<p>El Fondo Comunitario, que hace cinco a\u00f1os entrega recursos para proyectos en algunas de las comunidades de Alto El Loa, como Ayquina, Caspana, Cebollar-Ascot\u00e1n, Cupo, Chiu Chiu, Estaci\u00f3n San Pedro, Coska, Lasana, Ojos de San Pedro, Ollag\u00fce y Toconce, este a\u00f1o destin\u00f3 parte del aporte a iniciativas sanitarias por la contingencia del COVID-19. En esta l\u00ednea, se realiz\u00f3 una sanitizaci\u00f3n en Ollag\u00fce, en el contexto del festejo de \u201cTodos Santos\u201d, tradici\u00f3n que celebra la comunidad quechua.[\/vc_column_text][\/vc_column_inner][\/vc_row_inner][vc_row_inner][vc_column_inner][vc_column_text]Tambi\u00e9n respondimos a otras solicitudes de emergencia con apoyo a los vecinos y vecinas de Caspana, Ayquina y Toconce donde se realiz\u00f3 la donaci\u00f3n de 150 cajas de mercader\u00eda y \u00fatiles de aseo, mientras que en Estaci\u00f3n San Pedro se entregaron 100 gift cards para la compra de alimentos. En Lasana se repartieron 107 canastas familiares, principalmente para adultos mayores.<\/p>\n<p>En la comuna de Tocopilla, El Abra entreg\u00f3 225 kits sanitarios a ocho sindicatos del sector pesquero, entre ellos pescadores, buzos, algueros y recolectores de orilla, los cuales comprend\u00edan alcohol gel, mascarillas, productos de limpieza y desinfecci\u00f3n, adem\u00e1s de alimentaci\u00f3n.<\/p>\n<p>Asimismo, la compa\u00f1\u00eda aport\u00f3 10.000 litros de agua potable a las comunidades de Cupo y Turi, que sufren escasez de agua permanente y que se hizo imprescindible durante la pandemia como medida de higiene. El agua se distribuy\u00f3 en los estanques de acopio existentes en los pueblos y benefici\u00f3 a 32 familias de Turi y 15 de Cupo.<\/p>\n<p>En la comunidad de Cebollar-Ascot\u00e1n se hizo entrega de combustible para hacer funcionar el generador de energ\u00eda el\u00e9ctrica de la localidad. Adem\u00e1s, se entregaron insumos de sanitizaci\u00f3n y alimentos a trav\u00e9s de los fondos de emergencia.<\/p>\n<p>Para las comunidades de Alto El Loa se don\u00f3 le\u00f1a para enfrentar el invierno altipl\u00e1nico, mientras que en Conchi Viejo se entregaron fardos para la alimentaci\u00f3n de los animales.<\/p>\n<p>En el trabajo constante de fortalecimiento de emprendimientos locales y el logro de un encadenamiento productivo, El Abra concret\u00f3 una alianza con Fondo Esperanza para la compra de 2.000 mascarillas realizadas por dos socias de esta organizaci\u00f3n. Las mascarillas fueron entregadas a los trabajadores y trabajadoras de El Abra para proteger su salud.<\/p>\n<p>En esta misma l\u00ednea, se firm\u00f3 un convenio con los gremios transportistas escolares de Calama, quienes ayudaron en el transporte urbano de trabajadores de El Abra durante un per\u00edodo limitado. Con ello, se pudo cubrir la necesidad de empleo del gremio, afectado por el cierre de escuelas y colegios.[\/vc_column_text][\/vc_column_inner][\/vc_row_inner][\/vc_column][\/vc_row][vc_row][vc_column width=\u00bb1\/2&#8243; offset=\u00bbvc_col-xs-6&#8243;][vc_icon icon_fontawesome=\u00bbfas fa-arrow-left\u00bb color=\u00bbcustom\u00bb custom_color=\u00bb#7598b4&#8243; link=\u00bburl:http%3A%2F%2Fwww.elabra.cl%2Finformegestion2020%2Fnosotros%2F|title:Nosotros||\u00bb][\/vc_column][vc_column width=\u00bb1\/2&#8243; offset=\u00bbvc_col-xs-6&#8243;][vc_icon icon_fontawesome=\u00bbfas fa-arrow-right\u00bb color=\u00bbcustom\u00bb align=\u00bbright\u00bb custom_color=\u00bb#7598b4&#8243; link=\u00bburl:http%3A%2F%2Fwww.elabra.cl%2Finformegestion2020%2Fnosotros%2Fhitos-operacionales%2F|title:Hitos%20operacionales||\u00bb][\/vc_column][\/vc_row]\n","protected":false},"excerpt":{"rendered":"<p>[vc_row][vc_column width=\u00bb2\/3&#8243;][vc_empty_space height=\u00bb10px\u00bb][vc_custom_heading text=\u00bbDurante 2020, los ritmos de producci\u00f3n y crecimiento a nivel mundial estuvieron supeditados a la evoluci\u00f3n del COVID-19. La industria minera no fue una excepci\u00f3n, y el desarrollo operacional de Minera El Abra se vio impactado por la pandemia. A principios de marzo se registr\u00f3 el primer&#8230;<\/p>\n","protected":false},"author":1,"featured_media":0,"parent":12,"menu_order":0,"comment_status":"closed","ping_status":"closed","template":"","meta":{"footnotes":""},"_links":{"self":[{"href":"https:\/\/www.elabra.cl\/informegestion2020\/wp-json\/wp\/v2\/pages\/789"}],"collection":[{"href":"https:\/\/www.elabra.cl\/informegestion2020\/wp-json\/wp\/v2\/pages"}],"about":[{"href":"https:\/\/www.elabra.cl\/informegestion2020\/wp-json\/wp\/v2\/types\/page"}],"author":[{"embeddable":true,"href":"https:\/\/www.elabra.cl\/informegestion2020\/wp-json\/wp\/v2\/users\/1"}],"replies":[{"embeddable":true,"href":"https:\/\/www.elabra.cl\/informegestion2020\/wp-json\/wp\/v2\/comments?post=789"}],"version-history":[{"count":42,"href":"https:\/\/www.elabra.cl\/informegestion2020\/wp-json\/wp\/v2\/pages\/789\/revisions"}],"predecessor-version":[{"id":1194,"href":"https:\/\/www.elabra.cl\/informegestion2020\/wp-json\/wp\/v2\/pages\/789\/revisions\/1194"}],"up":[{"embeddable":true,"href":"https:\/\/www.elabra.cl\/informegestion2020\/wp-json\/wp\/v2\/pages\/12"}],"wp:attachment":[{"href":"https:\/\/www.elabra.cl\/informegestion2020\/wp-json\/wp\/v2\/media?parent=789"}],"curies":[{"name":"wp","href":"https:\/\/api.w.org\/{rel}","templated":true}]}}