{"id":510,"date":"2020-05-27T16:38:15","date_gmt":"2020-05-27T16:38:15","guid":{"rendered":"http:\/\/otromono.cl\/memoabra\/?page_id=510"},"modified":"2021-03-18T15:22:28","modified_gmt":"2021-03-18T15:22:28","slug":"hitos-operacionales","status":"publish","type":"page","link":"https:\/\/www.elabra.cl\/informegestion2020\/nosotros\/hitos-operacionales\/","title":{"rendered":"Hitos operacionales"},"content":{"rendered":"[vc_row][vc_column width=\u00bb2\/3&#8243;][vc_empty_space][vc_custom_heading text=\u00bbDiferentes proyectos e iniciativas se llevaron a cabo durante el a\u00f1o, con el objetivo de mejorar la productividad y eficiencia en faena a trav\u00e9s de la optimizaci\u00f3n de procesos en la operaci\u00f3n. Estos proyectos fueron de la mano con una gesti\u00f3n y desarrollo de capacidades de trabajadoras y trabajadores.\u00bb font_container=\u00bbtag:h2|font_size:21|text_align:left|color:%233d74b5|line_height:1%2C4&#8243; google_fonts=\u00bbfont_family:Open%20Sans%3A300%2C300italic%2Cregular%2Citalic%2C600%2C600italic%2C700%2C700italic%2C800%2C800italic|font_style:400%20regular%3A400%3Anormal\u00bb][\/vc_column][vc_column width=\u00bb1\/3&#8243;][vc_single_image image=\u00bb835&#8243; img_size=\u00bbfull\u00bb alignment=\u00bbcenter\u00bb css_animation=\u00bbfadeIn\u00bb][\/vc_column][\/vc_row][vc_row css=\u00bb.vc_custom_1615837541784{margin-top: 0px !important;padding-top: 0px !important;}\u00bb][vc_column][vc_column_text]\n<h2>Cambio en el plan minero<\/h2>\n<p>Con la inesperada crisis sanitaria y la disminuci\u00f3n del precio del cobre, se debieron tomar decisiones a nivel operacional. En primer lugar, se llevaron a efecto cambios en el Plan Minero de El Abra, que implic\u00f3 reducir en un 40% el procesamiento de mineral, de 110 KTPD (miles de toneladas diarias de tratamiento de mineral) a 65 KTPD. La medida permiti\u00f3 una importante disminuci\u00f3n en los gastos e incluy\u00f3 un plan de desvinculaci\u00f3n de 290 trabajadores en los primeros meses de la pandemia.<\/p>\n<p>El ajuste realizado en el procesamiento de mineral tuvo como consecuencia la suspensi\u00f3n de la construcci\u00f3n de la pila de la Fase II del Proyecto Sulfolix, que contemplaba extender la vida \u00fatil del proceso de lixiviaci\u00f3n de mineral mediante siete celdas adicionales y permitiendo el apilamiento de mineral hasta el 2029.<\/p>\n<p>En el marco del proyecto Planta Concentradora, se suspendi\u00f3 el desarrollo de la etapa de Ingenier\u00eda de Valor y el Estudio de Impacto Ambiental (EIA). Este proyecto contempla aumentar la vida \u00fatil de la faena en cerca de 40 a\u00f1os a trav\u00e9s del procesamiento de los sulfuros de cobre con una planta concentradora de 240 KTPD de capacidad para producir concentrado de cobre.<\/p>\n<p>Ambas definiciones del nivel operacional tuvieron como consecuencia una importante reducci\u00f3n de capital y de costos operacionales, permitiendo que la compa\u00f1\u00eda pudiese sobrellevar de mejor manera las dificultades derivadas de la crisis sanitaria. Conforme avanz\u00f3 el a\u00f1o y supeditado a la seguridad y protecci\u00f3n de la salud de todos los trabajadores y trabajadoras, El Abra hizo nuevos ajustes y adaptaciones a su operaci\u00f3n, lo que permiti\u00f3 mantener la continuidad operacional.[\/vc_column_text][\/vc_column][\/vc_row][vc_row][vc_column][vc_empty_space height=\u00bb20px\u00bb][vc_row_inner][vc_column_inner width=\u00bb1\/3&#8243;][vc_empty_space height=\u00bb15px\u00bb][vc_single_image image=\u00bb1035&#8243; img_size=\u00bbfull\u00bb alignment=\u00bbcenter\u00bb css_animation=\u00bbfadeIn\u00bb][\/vc_column_inner][vc_column_inner width=\u00bb2\/3&#8243;][vc_column_text]\n<h2>Cambio cultural y formaci\u00f3n de equipos<\/h2>\n<p>Desde mediados de julio, y siguiendo los lineamientos de Freeport-McMoRan en Estados Unidos, Minera El Abra comenz\u00f3 a implementar la metodolog\u00eda Agile, incorpor\u00e1ndola como un plan estrat\u00e9gico asociado al \u00e1rea corporativa y dado por una visi\u00f3n de la alta gerencia de El Abra.<\/p>\n<p>Agile es un grupo de valores, principios y pr\u00e1cticas basadas en el trabajo colaborativo, donde los requisitos y las soluciones evolucionan de manera din\u00e1mica al interior de equipos multifuncionales y auto organizados, y cuyos productos o resultados son obtenidos de manera iterativa e incremental, entregando valor de forma anticipada.<\/p>\n<p>Uno de los elementos diferenciadores de esta metodolog\u00eda es el mejoramiento continuo y ser un proceso basado en las personas, permitiendo que se empoderen incrementando su sentido de pertenencia, ya que se hacen parte de las decisiones y de la generaci\u00f3n de soluciones. Este sistema involucra de manera vertical a todos y todas las que forman parte de la compa\u00f1\u00eda, trabajadores propios, proveedores y contratistas.<\/p>\n<p>Desde la implementaci\u00f3n de este cambio cultural en la compa\u00f1\u00eda, en una primera etapa se definieron los OKR (objetivos y resultados clave, por su sigla en ingl\u00e9s) los cuales, a diciembre de 2020, alcanzaron m\u00e1s de un 90% de cumplimiento. Se crearon tambi\u00e9n seis equipos y se ha logrado entrenar a m\u00e1s de 200 personas de Seguridad y Salud Ocupacional, y Contralor\u00eda, y 100 personas que forman parte de los supervisores, t\u00e9cnicos y colaboradores.[\/vc_column_text][\/vc_column_inner][\/vc_row_inner][vc_empty_space height=\u00bb30px\u00bb][vc_row_inner][vc_column_inner][vc_column_text]\n<h3>Auditoria de la estabilidad geomeca\u0301nica del Sulfolix<\/h3>\n<p>Durante el 2020 se realizo\u0301 la auditori\u0301a de la estabilidad geomeca\u0301nica del Proyecto Sulfolix, la cual se hace anualmente hace casi 10 an\u0303os. Se trata de una revisio\u0301n y discusio\u0301n de los principales procesos y actividades que se ejecutan sobre la pila permanente y el botadero de ripios. La direccio\u0301n geote\u0301cnica\/ geomeca\u0301nica corporativa de Freeport-McMoRan y el grupo de geomeca\u0301nica planta de El Abra lideran la auditori\u0301a con la participacio\u0301n activa de las a\u0301reas de Lixiviacio\u0301n, Metalurgia y Apilamiento junto a asesores externos como Golder y Knight Pie\u0301sold.<\/p>\n<p>El proceso consiste en una revisio\u0301n detallada con visitas a terreno, que este an\u0303o, dada la contingencia sanitaria, se realizo\u0301 con drones y reuniones de trabajo. La auditori\u0301a, que duro\u0301 una semana, busca aportar oportunidades de intercambio de conocimiento, mejoras en las metodologi\u0301as y tecnologi\u0301as utilizadas en la evaluacio\u0301n continua de las condiciones de estabilidad.[\/vc_column_text][\/vc_column_inner][\/vc_row_inner][vc_empty_space height=\u00bb30px\u00bb][vc_row_inner][vc_column_inner width=\u00bb1\/3&#8243;][vc_empty_space height=\u00bb15px\u00bb][vc_single_image image=\u00bb1038&#8243; img_size=\u00bbfull\u00bb alignment=\u00bbcenter\u00bb css_animation=\u00bbfadeIn\u00bb][\/vc_column_inner][vc_column_inner width=\u00bb2\/3&#8243;][vc_column_text]\n<h3>Actualizacio\u0301n sistema de radios de comunicacio\u0301n<\/h3>\n<p>Con el objetivo de mejorar el sistema de comunicaciones entre los distintos equipos operacionales de El Abra y asegurar un sistema eficiente de comunicacio\u0301n, sobre todo ante una emergencia, en 2020 se reemplazo\u0301 el Radio Trunking DXT o sistema de radios de comunicacio\u0301n.<\/p>\n<p>El trabajo fue realizado por un equipo del a\u0301rea de informa\u0301tica de El Abra junto a la empresa colaboradora OMT y parte del equipo de la red corporativa.<\/p>\n<p>Con el proceso de actualizacio\u0301n, ahora se cuenta con un sistema de comunicaciones radiales de u\u0301ltima generacio\u0301n basado en servidores redundantes conectados a la red de Freeport, lo que permite una actualizacio\u0301n perio\u0301dica del servicio y cuenta con repuestos y soporte del fabricante. Adema\u0301s, al ser un sistema basado en servidores, esta\u0301 la capacidad de extender el servicio de radio a cualquier sitio de El Abra donde existe conectividad a la red.[\/vc_column_text][\/vc_column_inner][\/vc_row_inner][vc_empty_space height=\u00bb30px\u00bb][vc_row_inner][vc_column_inner width=\u00bb2\/3&#8243;][vc_column_text]\n<h3>Actualizacio\u0301n Dispatch y Provisio\u0301n<\/h3>\n<p>Entre los hitos operacionales que se llevaron a cabo durante 2020, se realizo\u0301 la actualizacio\u0301n del sistema Dispatch, herramienta administrativa que permite optimizar la utilizacio\u0301n de la flota de equipos mineros. Este sistema cuenta con varios mo\u0301dulos de apoyo entre los cuales se encuentra Provisio\u0301n, el que entrega la ubicacio\u0301n geogra\u0301fica con alta precisio\u0301n para los equipos de cargui\u0301o y los de perforacio\u0301n, mediante la utilizacio\u0301n de GPS.<\/p>\n<p>El trabajo de implementacio\u0301n duro\u0301 ocho meses y requirio\u0301 la cuidadosa coordinacio\u0301n de las gerencias de Ingenieri\u0301a Mina, TI e Ingenieri\u0301a y Geologi\u0301a. Esta actualizacio\u0301n permitira\u0301 la obtencio\u0301n del mayor rendimiento de los equipos, por si\u0301 solos y en su conjunto, mediante la programacio\u0301n lineal y dina\u0301mica de e\u0301stos. De esta forma, El Abra estara\u0301 utilizando los ma\u0301s altos esta\u0301ndares mineros de eficiencia para la administracio\u0301n de sus flotas.[\/vc_column_text][\/vc_column_inner][vc_column_inner width=\u00bb1\/3&#8243;][vc_empty_space height=\u00bb15px\u00bb][vc_single_image image=\u00bb1040&#8243; img_size=\u00bbfull\u00bb alignment=\u00bbcenter\u00bb css_animation=\u00bbfadeIn\u00bb][\/vc_column_inner][\/vc_row_inner][vc_empty_space height=\u00bb30px\u00bb][vc_column_text]\n<h3>Reemplazo Sistema de Elevacio\u0301n Pala 1<\/h3>\n<p>El a\u0301rea de Mantencio\u0301n Mina, junto al a\u0301rea de Beneficio y Proceso y la participacio\u0301n del a\u0301rea de servicios de Komatsu Chile, ejecuto\u0301 el reemplazo de la transmisio\u0301n hoist de la Pala 1, sistema que se usa para levantar el balde de esta pala ele\u0301ctrica. Este conjunto de motor de transmisio\u0301n permite enrollar o desenrollar los cables de levante dentro del tambor, generando movimientos de subida y bajada del balde en la extraccio\u0301n y cargui\u0301o de mineral.<\/p>\n<p>El trabajo contemplo\u0301 el reemplazo de todos los componentes de este sistema de transmisio\u0301n que trabaja en conjunto con el tambor de levante. Adema\u0301s, se tuvo que maniobrar un total de 55 toneladas en componentes principales de este sistema. Con este proyecto se aumenta la confiabilidad en la operacio\u0301n y aumenta la vida u\u0301til del equipo en 50.000 horas, lo cual asegura una mayor disponibilidad de la flota de cargui\u0301o.[\/vc_column_text][vc_empty_space height=\u00bb30px\u00bb][vc_row_inner][vc_column_inner width=\u00bb1\/2&#8243;][vc_column_text]\n<h3>Re\u0301cord histo\u0301rico en tratamiento de orga\u0301nico en la planta Sulfolix<\/h3>\n<p>A trave\u0301s de una serie de iniciativas, tal como el cambio e incorporacio\u0301n de algunos equipos a la planta de tratamiento de la planta Sulfolix (SX), en septiembre de 2020 se logro\u0301 un volumen re\u0301cord de tratamiento de orga\u0301nicos, llegando a 5.575 metros cu\u0301bicos versus los 3.000 metros cu\u0301bicos logrados en meses anteriores. Entre los equipos incorporados a la planta, se encuentra la nueva centri\u0301fuga y el cambio en el flujo del proceso para la utilizacio\u0301n de manera ma\u0301s eficiente de tratamiento de so\u0301lidos y orga\u0301nicos.<\/p>\n<p>El proceso de tratamiento en la planta SX es de cara\u0301cter ci\u0301clico, especialmente con los orga\u0301nicos, pero estas mejoras pueden traer beneficios a otras a\u0301reas, ya que al aumentar la cantidad de orga\u0301nico se puede recuperar ma\u0301s del orga\u0301nico perdido en la piscina de refino, generando una piscina ma\u0301s limpia que conduce a procesos ma\u0301s eficientes. Esto a la vez conlleva la reduccio\u0301n de costos y maximizacio\u0301n de la produccio\u0301n en El Abra.[\/vc_column_text][\/vc_column_inner][vc_column_inner width=\u00bb1\/2&#8243;][vc_column_text]\n<h3>Re\u0301cord de procesamiento de mineral<\/h3>\n<p>Durante el tercer trimestre del an\u0303o se establecieron re\u0301cords diarios de procesamiento de mineral en el a\u0301rea de chancado primario, chancado fino y apilamiento.<\/p>\n<p>Este logro operacional, es un importante hito para la empresa ya que permite mejorar el rendimiento y tener ma\u0301s mineral en la pila permanente del Proyecto Sulfolix para su produccio\u0301n y venta, adema\u0301s de una reduccio\u0301n en el costo unitario de produccio\u0301n. Las a\u0301reas de Operaciones y Mantenimiento de la Gerencia de Beneficio, Gestio\u0301n de Contratos, Contabilidad, Abastecimiento, Ingenieri\u0301a, y la Gerencia Mina estuvieron involucrados en este proyecto de mejoramiento, el cual responde a la forma de trabajar con la metodologi\u0301a Agile.[\/vc_column_text][\/vc_column_inner][\/vc_row_inner][vc_empty_space height=\u00bb30px\u00bb][vc_row_inner][vc_column_inner width=\u00bb1\/3&#8243;][vc_empty_space height=\u00bb15px\u00bb][vc_single_image image=\u00bb1041&#8243; img_size=\u00bbfull\u00bb alignment=\u00bbcenter\u00bb css_animation=\u00bbfadeIn\u00bb][\/vc_column_inner][vc_column_inner width=\u00bb2\/3&#8243;][vc_column_text]\n<h3>Energi\u0301a limpia para Minera El Abra<\/h3>\n<p>De acuerdo con la poli\u0301tica de desarrollo sustentable de Minera El Abra, en el an\u0303o 2016 se firmo\u0301 un nuevo contrato de suministro de energi\u0301a con Engie Energi\u0301a Chile (entre los an\u0303os 2018 y 2028) para lograr que el 100% del suministro energe\u0301tico de la compan\u0303i\u0301a este\u0301 libre de emisiones y provenga de fuentes renovables desde el an\u0303o 2021. Esto se lograra\u0301 con una potencia de 110 MW, con un contrato base por 80 MW y un adicional de 30 MW hasta 2028.<\/p>\n<p>Durante los u\u0301ltimos dos an\u0303os se ha ido aumentando progresivamente la capacidad suministrada y renovando el compromiso de la compan\u0303i\u0301a, no tan solo por el cumplimiento de la normativa ambiental, sino tambie\u0301n por la mejora continua del desempen\u0303o en materias relacionadas con medioambiente.<\/p>\n<p>Este acuerdo es parte del proceso de cambio en la matriz energe\u0301tica que esta\u0301 desarrollando nuestro pai\u0301s, marcado por la salida de la generacio\u0301n a carbo\u0301n y la transicio\u0301n al uso de fuentes renovables, lo cual esta\u0301 alineado con nuestro Sistema de Gestio\u0301n de Energi\u0301a y acreditacio\u0301n del Sello de Eficiencia Energe\u0301tica entregado por el Gobierno, avanzando en el logro de los objetivos suscritos por Chile en el Acuerdo de Pari\u0301s y establecidos en la \u201cRuta Energe\u0301tica\u201d nacional.[\/vc_column_text][\/vc_column_inner][\/vc_row_inner][\/vc_column][\/vc_row][vc_row css=\u00bb.vc_custom_1615815563280{padding-top: 0px !important;padding-right: 25px !important;padding-left: 25px !important;}\u00bb][vc_column css=\u00bb.vc_custom_1615815571712{padding-top: 0px !important;background-color: #688bc4 !important;}\u00bb][vc_column_text css=\u00bb.vc_custom_1615814988658{background-color: #688bc4 !important;}\u00bb]\n<blockquote>\n<p><span style=\"color: #ffffff;\">La relevancia es que establecimos re\u0301cords de rendimiento que pensa\u0301bamos que eran inalcanzables y lo hicimos todo en un trimestre. El beneficio de esta iniciativa es que finalmente<\/span><\/p>\n<p><span style=\"color: #ffffff;\">podemos tener ma\u0301s toneladas de cobre en la pila permanente del Proyecto Sulfolix, con menos recursos y una mayor eficiencia en el costo\u201d.<\/span><\/p>\n<p><span style=\"color: #ffffff;\"><strong>Justin White,<br \/>\n<\/strong><\/span><span style=\"color: #ffffff;\">Gerente de Procesos Minera El Abra.<\/span><\/p>\n<\/blockquote>\n[\/vc_column_text][\/vc_column][\/vc_row][vc_row css=\u00bb.vc_custom_1616080946335{margin-top: 30px !important;}\u00bb][vc_column width=\u00bb1\/2&#8243; offset=\u00bbvc_col-xs-6&#8243;][vc_icon icon_fontawesome=\u00bbfas fa-arrow-left\u00bb color=\u00bbcustom\u00bb custom_color=\u00bb#7598b4&#8243; link=\u00bburl:http%3A%2F%2Fwww.elabra.cl%2Finformegestion2020%2Fnosotros%2Fel-abra-y-el-manejo-de-la-pandemia-covid-19%2F|title:El%20Abra%20y%20el%20Manejo%20de%20la%20Pandemia%20Covid-19||\u00bb][\/vc_column][vc_column width=\u00bb1\/2&#8243; offset=\u00bbvc_col-xs-6&#8243;][vc_icon icon_fontawesome=\u00bbfas fa-arrow-right\u00bb color=\u00bbcustom\u00bb align=\u00bbright\u00bb custom_color=\u00bb#7598b4&#8243; link=\u00bburl:http%3A%2F%2Fwww.elabra.cl%2Finformegestion2020%2Fnosotros%2Fcapital-humano%2F|title:Capital%20humano||\u00bb][\/vc_column][\/vc_row]\n","protected":false},"excerpt":{"rendered":"<p>[vc_row][vc_column width=\u00bb2\/3&#8243;][vc_empty_space][vc_custom_heading text=\u00bbDiferentes proyectos e iniciativas se llevaron a cabo durante el a\u00f1o, con el objetivo de mejorar la productividad y eficiencia en faena a trav\u00e9s de la optimizaci\u00f3n de procesos en la operaci\u00f3n. Estos proyectos fueron de la mano con una gesti\u00f3n y desarrollo de capacidades de trabajadoras y&#8230;<\/p>\n","protected":false},"author":1,"featured_media":0,"parent":12,"menu_order":0,"comment_status":"closed","ping_status":"closed","template":"","meta":{"footnotes":""},"_links":{"self":[{"href":"https:\/\/www.elabra.cl\/informegestion2020\/wp-json\/wp\/v2\/pages\/510"}],"collection":[{"href":"https:\/\/www.elabra.cl\/informegestion2020\/wp-json\/wp\/v2\/pages"}],"about":[{"href":"https:\/\/www.elabra.cl\/informegestion2020\/wp-json\/wp\/v2\/types\/page"}],"author":[{"embeddable":true,"href":"https:\/\/www.elabra.cl\/informegestion2020\/wp-json\/wp\/v2\/users\/1"}],"replies":[{"embeddable":true,"href":"https:\/\/www.elabra.cl\/informegestion2020\/wp-json\/wp\/v2\/comments?post=510"}],"version-history":[{"count":39,"href":"https:\/\/www.elabra.cl\/informegestion2020\/wp-json\/wp\/v2\/pages\/510\/revisions"}],"predecessor-version":[{"id":1196,"href":"https:\/\/www.elabra.cl\/informegestion2020\/wp-json\/wp\/v2\/pages\/510\/revisions\/1196"}],"up":[{"embeddable":true,"href":"https:\/\/www.elabra.cl\/informegestion2020\/wp-json\/wp\/v2\/pages\/12"}],"wp:attachment":[{"href":"https:\/\/www.elabra.cl\/informegestion2020\/wp-json\/wp\/v2\/media?parent=510"}],"curies":[{"name":"wp","href":"https:\/\/api.w.org\/{rel}","templated":true}]}}