{"id":19,"date":"2020-05-12T20:53:17","date_gmt":"2020-05-12T20:53:17","guid":{"rendered":"http:\/\/otromono.cl\/memoabra\/?page_id=19"},"modified":"2021-03-18T15:37:34","modified_gmt":"2021-03-18T15:37:34","slug":"relacionamiento-comunitario","status":"publish","type":"page","link":"https:\/\/www.elabra.cl\/informegestion2020\/nuestro-entorno\/relacionamiento-comunitario\/","title":{"rendered":"Relacionamiento comunitario"},"content":{"rendered":"[vc_row][vc_column width=\u00bb2\/3&#8243;][vc_empty_space][vc_custom_heading text=\u00bbEl trabajo mancomunado, el di\u00e1logo permanente y la b\u00fasqueda del beneficio mutuo caracterizan nuestra relaci\u00f3n con las comunidades situadas en el \u00e1rea donde se ubica Minera El Abra. Con ello, buscamos mantener una sana convivencia y respeto mutuo, al tiempo de lograr una mirada conjunta sobre el uso de los recursos territoriales.\u00bb font_container=\u00bbtag:h2|font_size:21|text_align:left|color:%236d6c30|line_height:1%2C4&#8243; google_fonts=\u00bbfont_family:Open%20Sans%3A300%2C300italic%2Cregular%2Citalic%2C600%2C600italic%2C700%2C700italic%2C800%2C800italic|font_style:400%20regular%3A400%3Anormal\u00bb][vc_single_image image=\u00bb1145&#8243; img_size=\u00bbfull\u00bb alignment=\u00bbright\u00bb css_animation=\u00bbfadeIn\u00bb][\/vc_column][vc_column width=\u00bb1\/3&#8243;][vc_single_image image=\u00bb1003&#8243; img_size=\u00bbfull\u00bb alignment=\u00bbcenter\u00bb css_animation=\u00bbfadeIn\u00bb][\/vc_column][\/vc_row][vc_row][vc_column width=\u00bb1\/2&#8243;][vc_column_text]Trabajamos con las comunidades ind\u00edgenas de Chiu Chiu, Lasana, Taira, Conchi Viejo, Estaci\u00f3n San Pedro, Ayllu Ojos de San Pedro, Cebollar-Ascot\u00e1n, Ollag\u00fce, Cupo, Ayquina \u2013 Turi, Toconce, Caspana y Coska, las que poseen un patrimonio cultural y natural que El Abra valora y que, mediante acciones activas y concretas, ayuda a conservar junto a sus habitantes. Lo mismo ocurre con las comunas de Calama, Mar\u00eda Elena y Tocopilla, a las que apoyamos decididamente a mejorar sus condiciones de vida a trav\u00e9s de proyectos sociales sustentables.[\/vc_column_text][\/vc_column][vc_column width=\u00bb1\/2&#8243;][vc_column_text]Durante 2020, El Abra enfrent\u00f3 un contexto desafiante para llegar a las comunidades debido a las restricciones de movilidad derivadas de la pandemia del COVID-19. A pesar de ello, logramos ser m\u00e1s creativos y encontrar la oportunidad en las limitaciones. Podemos decir con orgullo que no solo se concret\u00f3 una buena parte de los aportes regulares establecidos en los convenios con las comunidades, sino que se sumaron otros aportes especiales debido a las dificultades propias de la crisis sanitaria. [\/vc_column_text][\/vc_column][\/vc_row][vc_row][vc_column][vc_single_image image=\u00bb975&#8243; img_size=\u00bbfull\u00bb alignment=\u00bbcenter\u00bb][vc_separator][\/vc_column][\/vc_row][vc_row][vc_column][vc_column_text]\n<h2>Mecanismo de retroalimentaci\u00f3n con comunidades<\/h2>\n<p>Entendemos que un buen sistema de gesti\u00f3n y resoluci\u00f3n de quejas est\u00e1 al centro de una sana relaci\u00f3n con las comunidades y, por lo mismo, deben orientar el accionar de una empresa y ayudar en sus esfuerzos por construir relaciones de confianza con las organizaciones del territorio, sin sustituir ni estar aislados de otros mecanismos como los procesos de consulta locales y los programas de inversi\u00f3n social.<\/p>\n<p>Como socia del Consejo Internacional de Miner\u00eda y Metales (ICMM), El Abra adhiere y ejecuta un mecanismo de retroalimentaci\u00f3n conforme a los ocho criterios de eficacia de los sistemas de quejas que son parte de este organismo internacional: legitimidad, tener la confianza de los grupos de partes interesadas; accesibilidad, asegurarse de que el mecanismo sea conocido y llegue a todos; previsibilidad, proporcionando un procedimiento claro y conocido, con plazos y claridad; equidad, asegurando que las partes afectadas tengan acceso a informaci\u00f3n, asesoramiento y conocimientos para que sus quejas sean justas; transparencia, manteniendo informadas a las partes sobre el progreso de sus quejas; compatibilidad con los derechos, es decir, que asegure que los resultados y los recursos est\u00e9n de acuerdo con los derechos humanos internacionalmente reconocidos; y finalmente, que este proceso sea una fuente de aprendizaje continuo y los mecanismos del nivel operacional se basen en el compromiso y el di\u00e1logo.<\/p>\n<p>Durante el a\u00f1o 2020 se gestionaron 16 quejas, de las cuales se cerraron satisfactoriamente 11. Sumada a una que estaba en tr\u00e1mite desde 2019, el total sin resolver al 31 de diciembre fue de seis quejas, en las cuales continuamos trabajando para darles una soluci\u00f3n definitiva.<\/p>\n<p><img loading=\"lazy\" decoding=\"async\" class=\"alignnone wp-image-131\" src=\"https:\/\/www.elabra.cl\/informegestion2020\/wp-content\/uploads\/2020\/05\/ODS-16.gif\" alt=\"\" width=\"80\" height=\"80\" \/>[\/vc_column_text][vc_column_text]\n<h2 class=\"p1\"><b>Mecanismo de retroalimentaci\u00f3n<\/b><\/h2>\n[\/vc_column_text][vc_single_image image=\u00bb977&#8243; img_size=\u00bbfull\u00bb alignment=\u00bbcenter\u00bb][\/vc_column][\/vc_row][vc_row][vc_column][vc_separator][\/vc_column][\/vc_row][vc_row][vc_column][vc_column_text]\n<h2>Proyecto Gaviones Conchi Viejo<\/h2>\n<p>En el marco de su permanente apoyo a la localidad de Conchi Viejo, Minera El Abra entreg\u00f3 los trabajos de protecci\u00f3n y resguardo para el poblado, que buscan prevenir los da\u00f1os de las lluvias que podr\u00edan ocurrir con motivo del invierno altipl\u00e1nico.<\/p>\n<p>Se trata de 930 m3 de gaviones de protecci\u00f3n, de m\u00e1s de dos metros de altura, que fueron instalados en ubicaciones previamente estudiadas, que disminuir\u00e1n el potencial impacto de este fen\u00f3meno clim\u00e1tico.<\/p>\n<p>La necesidad de esta protecci\u00f3n qued\u00f3 de manifiesto tras los acontecimientos de febrero de 2019, cuando se vivi\u00f3 una contingencia clim\u00e1tica pocas veces vista en la zona, generada principalmente por la gran cantidad de lluvia ca\u00edda en un plazo muy breve, lo que afect\u00f3 a toda la Provincia de El Loa y en particular a Conchi Viejo, que se vio duramente golpeado, con da\u00f1os en parte del pueblo, sus casas y terrenos. Luego de dichos eventos, El Abra contrat\u00f3 a una empresa de desarrollo de ingenier\u00eda, que recomend\u00f3 la construcci\u00f3n de estos gaviones como una medida de protecci\u00f3n eficiente frente a eventuales eventos clim\u00e1ticos.<\/p>\n<p>Por ello, durante 2020, la comunidad de Conchi Viejo y El Abra acordaron la construcci\u00f3n del enmallado de piedra a lo largo de las paredes laterales de quebrada del pueblo, que proteger\u00e1n las viviendas. Asimismo, se acord\u00f3 cofinanciar este proyecto haciendo uso parcial de los fondos comunitarios que la localidad recibe como parte del Convenio de Colaboraci\u00f3n Mutua, vigente desde el a\u00f1o 2012.<\/p>\n<p>Adem\u00e1s de los gaviones, en el sector se trabaj\u00f3 en pretiles de protecci\u00f3n y una piscina en la parte alta de la quebrada, obras que disminuir\u00e1n la velocidad de escurrimiento de las aguas lluvias en el sector.<\/p>\n<p><img loading=\"lazy\" decoding=\"async\" class=\"alignnone wp-image-131\" src=\"https:\/\/www.elabra.cl\/informegestion2020\/wp-content\/uploads\/2020\/05\/ODS-09.gif\" alt=\"\" width=\"80\" height=\"80\" srcset=\"https:\/\/www.elabra.cl\/informegestion2020\/wp-content\/uploads\/2020\/05\/ODS-09.gif 120w, https:\/\/www.elabra.cl\/informegestion2020\/wp-content\/uploads\/2020\/05\/ODS-09-50x50.gif 50w\" sizes=\"(max-width: 80px) 100vw, 80px\" \/> <img loading=\"lazy\" decoding=\"async\" class=\"alignnone wp-image-131\" src=\"https:\/\/www.elabra.cl\/informegestion2020\/wp-content\/uploads\/2020\/05\/ODS-11.gif\" alt=\"\" width=\"80\" height=\"80\" \/>[\/vc_column_text][\/vc_column][\/vc_row][vc_row][vc_column width=\u00bb1\/2&#8243;][vc_single_image image=\u00bb1005&#8243; img_size=\u00bbfull\u00bb alignment=\u00bbcenter\u00bb][\/vc_column][vc_column width=\u00bb1\/2&#8243; css=\u00bb.vc_custom_1615834603691{background-color: #6d6c30 !important;}\u00bb][vc_column_text]\n<blockquote><p><span style=\"color: #ffffff;\">Estamos satisfechos y sumamente conformes porque se ha cumplido una etapa m\u00e1s dentro de los prop\u00f3sitos de reconstrucci\u00f3n del pueblo. Las obras realizadas son vitales para la seguridad de todas las viviendas que han sido da\u00f1adas por aluviones anteriores. Esta es una nueva certificaci\u00f3n del convenio que tenemos con Minera El Abra, donde tenemos que aportar realmente a la confianza, transparencia y a cumplir los compromisos.\u201d<\/span><br \/>\n<span style=\"color: #ffffff;\"><strong>Juan Galleguillos Araya<\/strong>,<\/span><br \/>\n<span style=\"color: #ffffff;\">Presidente de la Comunidad Ind\u00edgena Atacame\u00f1a Conchi Viejo<\/span><\/p><\/blockquote>\n[\/vc_column_text][\/vc_column][\/vc_row][vc_row][vc_column][vc_separator][\/vc_column][\/vc_row][vc_row][vc_column width=\u00bb1\/3&#8243;][vc_single_image image=\u00bb1011&#8243; img_size=\u00bbfull\u00bb alignment=\u00bbcenter\u00bb][\/vc_column][vc_column width=\u00bb2\/3&#8243;][vc_column_text]\n<h2>Convenio de colaboraci\u00f3n con Taira<\/h2>\n<p>El acuerdo entre la Comunidad Atacame\u00f1a de Taira y El Abra continu\u00f3 su vigencia durante 2020. Este Convenio de Colaboraci\u00f3n faculta el desarrollo de proyectos o iniciativas que permitan estrechar las relaciones entre ambas partes, aunar esfuerzos y establecer normas amplias de colaboraci\u00f3n que encaucen e incrementen los contactos y relaciones necesarias para el desarrollo venidero de la comunidad, mediante proyectos de desarrollo comunitario.<\/p>\n<p>Adem\u00e1s del financiamiento, El Abra mantiene su compromiso para encontrar puestos de trabajo en la operaci\u00f3n para la comunidad de Taira, la incorporaci\u00f3n de monitores comunitarios para el desarrollo de actividades propias de la faena, el otorgamiento de becas de estudios universitarios o t\u00e9cnicos y la gesti\u00f3n de pr\u00e1cticas profesionales para los y las j\u00f3venes de este lugar.<\/p>\n<p>Con el af\u00e1n de beneficiar al territorio, los proyectos deben ser a largo plazo y desarrollarse dentro de la comunidad, en materias como agro-ganader\u00eda, turismo, calidad de vida, medio ambiente, fortalecimiento organizacional comunitario, entre otros.<\/p>\n<p><img loading=\"lazy\" decoding=\"async\" class=\"alignnone wp-image-131\" src=\"https:\/\/www.elabra.cl\/informegestion2020\/wp-content\/uploads\/2020\/05\/ODS-10.gif\" alt=\"\" width=\"80\" height=\"80\" \/> <img loading=\"lazy\" decoding=\"async\" class=\"alignnone wp-image-134\" src=\"https:\/\/www.elabra.cl\/informegestion2020\/wp-content\/uploads\/2020\/05\/ODS-11.gif\" alt=\"\" width=\"80\" height=\"80\" \/> <img loading=\"lazy\" decoding=\"async\" class=\"alignnone wp-image-135\" src=\"https:\/\/www.elabra.cl\/informegestion2020\/wp-content\/uploads\/2020\/05\/ODS-17.gif\" alt=\"\" width=\"80\" height=\"80\" \/>[\/vc_column_text][\/vc_column][\/vc_row][vc_row][vc_column][vc_separator][\/vc_column][\/vc_row][vc_row][vc_column width=\u00bb1\/3&#8243;][vc_single_image image=\u00bb1015&#8243; img_size=\u00bbfull\u00bb alignment=\u00bbcenter\u00bb][\/vc_column][vc_column width=\u00bb2\/3&#8243;][vc_column_text]\n<h2>Programa de visitas a faena<\/h2>\n<p>Para que las comunidades conozcan nuestros procesos productivos, el cuidado y compromiso con las condiciones de trabajo de sus trabajadoras y trabajadores, el medioambiente y el patrimonio del sector, El Abra desarrolla el Programa de Visitas en que tambi\u00e9n se responden consultas, preocupaciones o inquietudes sobre cualquier aspecto de nuestra empresa.<\/p>\n<p>Durante 2020, debido a las condiciones especiales que plante\u00f3 la pandemia, el programa debi\u00f3 ser cancelado, con la excepci\u00f3n de la visita efectuada el 11 de diciembre por 9 personas de la Comunidad Ind\u00edgena de Conchi Viejo, compuesta por miembros de la directiva, comuneros y comuneras. Las visitas fueron acompa\u00f1adas por representantes del \u00e1rea de Ingenier\u00eda y del \u00e1rea de Di\u00e1logo Comunitario de nuestra empresa.<\/p>\n<p>Puntualmente, la comunidad recorri\u00f3 las obras de mitigaci\u00f3n del sector de la correa 103 en la faena, que se llevaron a cabo para contener las lluvias del invierno altipl\u00e1nico, luego del evento climatol\u00f3gico ocurrido en 2019.<br \/>\nComuneros y comuneras destacaron que El Abra cumpliera con su compromiso de mejorar las obras del sector, manifestando que esto les da tranquilidad y confianza, junto con valorar el hecho de conocerlas en terreno y as\u00ed informar al resto de las y los miembros de Conchi Viejo.<\/p>\n<p><img loading=\"lazy\" decoding=\"async\" class=\"alignnone wp-image-131\" src=\"https:\/\/www.elabra.cl\/informegestion2020\/wp-content\/uploads\/2020\/05\/ODS-12.gif\" alt=\"\" width=\"80\" height=\"80\" \/>[\/vc_column_text][\/vc_column][\/vc_row][vc_row][vc_column width=\u00bb1\/2&#8243; offset=\u00bbvc_col-xs-6&#8243;][vc_icon icon_fontawesome=\u00bbfas fa-arrow-left\u00bb color=\u00bbcustom\u00bb custom_color=\u00bb#9ea15c\u00bb link=\u00bburl:http%3A%2F%2Fwww.elabra.cl%2Finformegestion2020%2Fnuestro-entorno%2Fmedioambiente%2F|title:Medioambiente||\u00bb][\/vc_column][vc_column width=\u00bb1\/2&#8243; offset=\u00bbvc_col-xs-6&#8243;][vc_icon icon_fontawesome=\u00bbfas fa-arrow-right\u00bb color=\u00bbcustom\u00bb align=\u00bbright\u00bb custom_color=\u00bb#9ea15c\u00bb link=\u00bburl:http%3A%2F%2Fwww.elabra.cl%2Finformegestion2020%2Fnuestro-entorno%2Fdesarrollo-social%2F|title:Desarrollo%20Social||\u00bb][\/vc_column][\/vc_row]\n","protected":false},"excerpt":{"rendered":"<p>[vc_row][vc_column width=\u00bb2\/3&#8243;][vc_empty_space][vc_custom_heading text=\u00bbEl trabajo mancomunado, el di\u00e1logo permanente y la b\u00fasqueda del beneficio mutuo caracterizan nuestra relaci\u00f3n con las comunidades situadas en el \u00e1rea donde se ubica Minera El Abra. Con ello, buscamos mantener una sana convivencia y respeto mutuo, al tiempo de lograr una mirada conjunta sobre el uso&#8230;<\/p>\n","protected":false},"author":1,"featured_media":0,"parent":14,"menu_order":0,"comment_status":"closed","ping_status":"closed","template":"","meta":{"footnotes":""},"_links":{"self":[{"href":"https:\/\/www.elabra.cl\/informegestion2020\/wp-json\/wp\/v2\/pages\/19"}],"collection":[{"href":"https:\/\/www.elabra.cl\/informegestion2020\/wp-json\/wp\/v2\/pages"}],"about":[{"href":"https:\/\/www.elabra.cl\/informegestion2020\/wp-json\/wp\/v2\/types\/page"}],"author":[{"embeddable":true,"href":"https:\/\/www.elabra.cl\/informegestion2020\/wp-json\/wp\/v2\/users\/1"}],"replies":[{"embeddable":true,"href":"https:\/\/www.elabra.cl\/informegestion2020\/wp-json\/wp\/v2\/comments?post=19"}],"version-history":[{"count":42,"href":"https:\/\/www.elabra.cl\/informegestion2020\/wp-json\/wp\/v2\/pages\/19\/revisions"}],"predecessor-version":[{"id":1207,"href":"https:\/\/www.elabra.cl\/informegestion2020\/wp-json\/wp\/v2\/pages\/19\/revisions\/1207"}],"up":[{"embeddable":true,"href":"https:\/\/www.elabra.cl\/informegestion2020\/wp-json\/wp\/v2\/pages\/14"}],"wp:attachment":[{"href":"https:\/\/www.elabra.cl\/informegestion2020\/wp-json\/wp\/v2\/media?parent=19"}],"curies":[{"name":"wp","href":"https:\/\/api.w.org\/{rel}","templated":true}]}}