{"id":17,"date":"2020-05-12T20:52:58","date_gmt":"2020-05-12T20:52:58","guid":{"rendered":"http:\/\/otromono.cl\/memoabra\/?page_id=17"},"modified":"2021-03-18T15:35:58","modified_gmt":"2021-03-18T15:35:58","slug":"medioambiente","status":"publish","type":"page","link":"https:\/\/www.elabra.cl\/informegestion2020\/nuestro-entorno\/medioambiente\/","title":{"rendered":"Medioambiente"},"content":{"rendered":"[vc_row][vc_column width=\u00bb2\/3&#8243;][vc_empty_space][vc_custom_heading text=\u00bbEste a\u00f1o, el foco de la Gerencia de Medioambiente estuvo puesto en continuar el trabajo de monitoreo y mantenci\u00f3n de la flora y fauna en sectores en donde operamos. Adem\u00e1s, buscando una mirada de largo plazo para garantizar el desarrollo sostenible, se incorpor\u00f3 un \u00e1rea de manejo de residuos peligrosos, que proyecta lograr el reciclaje y la disminuci\u00f3n de volumen de material como tubos fluorescentes y latas de pintura, entre otros.\u00bb font_container=\u00bbtag:h2|font_size:21|text_align:left|color:%236d6c30|line_height:1%2C4&#8243; google_fonts=\u00bbfont_family:Open%20Sans%3A300%2C300italic%2Cregular%2Citalic%2C600%2C600italic%2C700%2C700italic%2C800%2C800italic|font_style:400%20regular%3A400%3Anormal\u00bb][vc_single_image image=\u00bb1150&#8243; img_size=\u00bbfull\u00bb alignment=\u00bbright\u00bb css_animation=\u00bbfadeIn\u00bb][\/vc_column][vc_column width=\u00bb1\/3&#8243;][vc_single_image image=\u00bb1020&#8243; img_size=\u00bbfull\u00bb alignment=\u00bbcenter\u00bb css_animation=\u00bbfadeIn\u00bb][\/vc_column][\/vc_row][vc_row][vc_column][vc_separator][\/vc_column][\/vc_row][vc_row][vc_column width=\u00bb1\/3&#8243;][vc_single_image image=\u00bb1022&#8243; img_size=\u00bbfull\u00bb alignment=\u00bbcenter\u00bb][\/vc_column][vc_column width=\u00bb2\/3&#8243;][vc_column_text]\n<h2>Certificaci\u00f3n The Copper Mark<\/h2>\n<p>Minera El Abra se convirti\u00f3 en la primera empresa minera en Chile en recibir el sello Copper Mark, un nuevo marco de garant\u00eda integral que certifica la sustentabilidad en su proceso productivo. Esto se complementa con la contribuci\u00f3n a los Objetivos de Desarrollo Sostenible (ODS) impulsado por las Naciones Unidas.<\/p>\n<p>Esta validaci\u00f3n fue un trabajo del equipo de la Gerencia de Medioambiente, en conjunto con las dem\u00e1s gerencias, en el que se estudiaron los requisitos de cumplimientos, identificando en los distintos procesos de gesti\u00f3n de la compa\u00f1\u00eda, los verificadores de cumplimiento con los est\u00e1ndares de The Copper Mark. Los criterios evaluados se centran en temas ambientales, sociales y gobernanza. Este proceso permiti\u00f3 que en marzo de 2020 se cumpliera con el proceso de revisi\u00f3n externa a cargo de la empresa \u201cCorporate Integrity\u201d.<\/p>\n<p>Cabe destacar que \u00e9ste es el primer y \u00fanico marco desarrollado espec\u00edficamente para la industria del cobre, lo que permite<\/p>\n<p>que cada operaci\u00f3n puede garantizarles a sus clientes, inversionistas y stakeholders el desempe\u00f1o de la empresa en producci\u00f3n responsable.<\/p>\n<p><img loading=\"lazy\" decoding=\"async\" class=\"alignnone wp-image-131\" src=\"https:\/\/www.elabra.cl\/informegestion2020\/wp-content\/uploads\/2020\/05\/ODS-09.gif\" alt=\"\" width=\"80\" height=\"80\" srcset=\"https:\/\/www.elabra.cl\/informegestion2020\/wp-content\/uploads\/2020\/05\/ODS-09.gif 120w, https:\/\/www.elabra.cl\/informegestion2020\/wp-content\/uploads\/2020\/05\/ODS-09-50x50.gif 50w\" sizes=\"(max-width: 80px) 100vw, 80px\" \/> <img loading=\"lazy\" decoding=\"async\" class=\"alignnone wp-image-134\" src=\"https:\/\/www.elabra.cl\/informegestion2020\/wp-content\/uploads\/2020\/05\/ODS-12.gif\" alt=\"\" width=\"80\" height=\"80\" srcset=\"https:\/\/www.elabra.cl\/informegestion2020\/wp-content\/uploads\/2020\/05\/ODS-12.gif 120w, https:\/\/www.elabra.cl\/informegestion2020\/wp-content\/uploads\/2020\/05\/ODS-12-50x50.gif 50w\" sizes=\"(max-width: 80px) 100vw, 80px\" \/> <img loading=\"lazy\" decoding=\"async\" class=\"alignnone wp-image-135\" src=\"https:\/\/www.elabra.cl\/informegestion2020\/wp-content\/uploads\/2020\/05\/ODS-13.gif\" alt=\"\" width=\"80\" height=\"80\" srcset=\"https:\/\/www.elabra.cl\/informegestion2020\/wp-content\/uploads\/2020\/05\/ODS-13.gif 120w, https:\/\/www.elabra.cl\/informegestion2020\/wp-content\/uploads\/2020\/05\/ODS-13-50x50.gif 50w\" sizes=\"(max-width: 80px) 100vw, 80px\" \/> <img loading=\"lazy\" decoding=\"async\" class=\"alignnone wp-image-139\" src=\"https:\/\/www.elabra.cl\/informegestion2020\/wp-content\/uploads\/2020\/05\/ODS-17.gif\" alt=\"\" width=\"80\" height=\"80\" srcset=\"https:\/\/www.elabra.cl\/informegestion2020\/wp-content\/uploads\/2020\/05\/ODS-17.gif 120w, https:\/\/www.elabra.cl\/informegestion2020\/wp-content\/uploads\/2020\/05\/ODS-17-50x50.gif 50w\" sizes=\"(max-width: 80px) 100vw, 80px\" \/>[\/vc_column_text][\/vc_column][\/vc_row][vc_row][vc_column][vc_separator][\/vc_column][\/vc_row][vc_row][vc_column][vc_column_text]\n<h2>Plan de Manejo Ambiental de la Vertiente 11<\/h2>\n<p>Desde 2010, Minera El Abra desarrolla el Plan de Manejo Ambiental de la Vertiente 11 (V11) en el Salar de Ascot\u00e1n establecido en la Resoluci\u00f3n Exenta N\u00ba0003\/2010, aprobada por la Comisi\u00f3n Regional del Medio Ambiente Regi\u00f3n de Antofagasta. Este plan contempla, entre otras actividades, la mantenci\u00f3n de un sistema de recarga variable de agua, instalaci\u00f3n de placas difusoras, monitoreo sistem\u00e1tico de la condici\u00f3n de flora y vegetaci\u00f3n, fauna, limnolog\u00eda y suelos, instalaci\u00f3n de estaci\u00f3n limnim\u00e9trica autom\u00e1tica que mide el nivel de agua, sistema de riego focalizado y canales de infiltraci\u00f3n.<br \/>\nComplementando este plan, en julio y agosto de 2020 se firm\u00f3 un Convenio de Colaboraci\u00f3n, por una parte, entre la Comunidad Ind\u00edgena de Cebollar-Ascot\u00e1n y la Comunidad Ind\u00edgena de Ollag\u00fce respectivamente con Minera El Abra para desarrollar acciones de manera conjunta buscando proteger, restaurar y conservar la biodiversidad de la V11.<\/p>\n<p>En 2020, junto con los cuatro monitores designados por la comunidad de Cebollar-Ascot\u00e1n, se trabaj\u00f3 en actividades focalizadas en la limpieza de la vertiente y realizar un trabajo en conjunto con la empresa Teknoriego para el acondicionamiento del suelo en ciertos sectores. Esta labor permitir\u00e1 mejorar las condiciones del sustrato, para tener mayor \u00e9xito al momento de hacer los trasplantes y mejorar el crecimiento de las plantas. Esto fue complementado con actividades de limpieza y retiro de basura del pozo 2, sacando mayormente residuos de pl\u00e1stico.<\/p>\n<p>Adem\u00e1s, se trabaj\u00f3 en el reforzamiento de pretiles, para que el agua inyectada en el poz\u00f3n no escurriera fuera del cauce natural de la vertiente, permitiendo que a lo largo del trabajo en terreno se pudiera ya percibir un aumento de la vida silvestre.<\/p>\n<p><img loading=\"lazy\" decoding=\"async\" class=\"alignnone wp-image-131\" src=\"https:\/\/www.elabra.cl\/informegestion2020\/wp-content\/uploads\/2020\/05\/ODS-13.gif\" alt=\"\" width=\"80\" height=\"80\" \/> <img loading=\"lazy\" decoding=\"async\" class=\"alignnone wp-image-134\" src=\"https:\/\/www.elabra.cl\/informegestion2020\/wp-content\/uploads\/2020\/05\/ODS-15.gif\" alt=\"\" width=\"80\" height=\"80\" \/>[\/vc_column_text][\/vc_column][\/vc_row][vc_row][vc_column][vc_separator][\/vc_column][\/vc_row][vc_row][vc_column width=\u00bb1\/3&#8243;][vc_single_image image=\u00bb1025&#8243; img_size=\u00bbfull\u00bb alignment=\u00bbcenter\u00bb][\/vc_column][vc_column width=\u00bb2\/3&#8243;][vc_column_text]\n<h2>Invernadero en Ascot\u00e1n<\/h2>\n<p>En complemento al trabajo permanente del Plan de Manejo de la V11, se construy\u00f3 un invernadero ubicado a m\u00e1s 3.700 metros de altitud, en el salar. Esta infraestructura permitir\u00e1 la reproducci\u00f3n de dos especies de flora mediante el control de las condiciones ambientales como la erosi\u00f3n e\u00f3lica, la evaporaci\u00f3n y la oscilaci\u00f3n t\u00e9rmica, caracter\u00edsticas del ecosistema de puna y en particular de esta zona.<\/p>\n<p>La comunidad de Ascot\u00e1n, colaboradora del proyecto, se capacit\u00f3 en la labor de reproducci\u00f3n y posterior replante de las especies Zameioscirpus atacamensis y Puccinellia frigida. En esta actividad participa tambi\u00e9n la empresa Teknoriego quienes realizan la supervisi\u00f3n y manejo del proceso, que van desde la plantaci\u00f3n de semillas y esquejes, para luego realizar el proceso de germinaci\u00f3n y trasplante y lograr individuos adultos para el trasplante a la Vertiente 11 y con ello aumentar la cobertura vegetal del sitio.<\/p>\n<p>El invernadero cuenta con 200 m2 de superficie aproximada, pudiendo albergar hasta 15.000 plantas adultas. Se contempla para 2021 realizar los estudios de suelo, monitoreo a\u00e9reo de la zona y el trabajo de mantenci\u00f3n en el vivero, junto con la aclimataci\u00f3n paulatina de las plantas a su h\u00e1bitat natural.<\/p>\n<p><img loading=\"lazy\" decoding=\"async\" class=\"alignnone wp-image-131\" src=\"https:\/\/www.elabra.cl\/informegestion2020\/wp-content\/uploads\/2020\/05\/ODS-13.gif\" alt=\"\" width=\"80\" height=\"80\" \/> <img loading=\"lazy\" decoding=\"async\" class=\"alignnone wp-image-134\" src=\"https:\/\/www.elabra.cl\/informegestion2020\/wp-content\/uploads\/2020\/05\/ODS-15.gif\" alt=\"\" width=\"80\" height=\"80\" \/>[\/vc_column_text][\/vc_column][\/vc_row][vc_row][vc_column][vc_separator][\/vc_column][\/vc_row][vc_row][vc_column width=\u00bb1\/3&#8243;][vc_single_image image=\u00bb1024&#8243; img_size=\u00bbfull\u00bb alignment=\u00bbcenter\u00bb][\/vc_column][vc_column width=\u00bb2\/3&#8243;][vc_column_text]\n<h2>Estudio gen\u00e9tico de caracol Heleobia Ascotanensis<\/h2>\n<p>Con el objeto de conocer a\u00fan m\u00e1s uno de los ecosistemas en donde estamos operando, durante 2019 y 2020 Minera El Abra desarroll\u00f3 un estudio voluntario del caracol Heleobia Ascotanensis el cual busca determinar, entre otros, aspectos gen\u00e9ticos y morfol\u00f3gicos, y de esta manera difundir el conocimiento cient\u00edfico de esta especie que se encuentra en categor\u00eda de conservaci\u00f3n En Peligro, seg\u00fan el D.S. N\u00b038 del Ministerio del Medio Ambiente que aprueba y oficializa el Und\u00e9cimo Proceso de Clasificaci\u00f3n de Especies. En su primera etapa, este estudio est\u00e1 enfocado en estimar el grado de variaci\u00f3n gen\u00e9tica entre poblaciones de caracoles H. Ascotanensis mediante an\u00e1lisis moleculares.<\/p>\n<p>Como parte del estudio, se tomaron muestras de esta especie en cada vertiente, las que se sometieron a pruebas gen\u00e9ticas en el laboratorio de gen\u00e9tica y evoluci\u00f3n de la Universidad de Chile. Durante 2021 se espera finalizar el estudio para determinar si existe expectaci\u00f3n entre los ejemplares de las diferentes vertientes.<\/p>\n<p><img loading=\"lazy\" decoding=\"async\" class=\"alignnone wp-image-131\" src=\"https:\/\/www.elabra.cl\/informegestion2020\/wp-content\/uploads\/2020\/05\/ODS-13.gif\" alt=\"\" width=\"80\" height=\"80\" \/> <img loading=\"lazy\" decoding=\"async\" class=\"alignnone wp-image-134\" src=\"https:\/\/www.elabra.cl\/informegestion2020\/wp-content\/uploads\/2020\/05\/ODS-14.gif\" alt=\"\" width=\"80\" height=\"80\" \/> <img loading=\"lazy\" decoding=\"async\" class=\"alignnone wp-image-134\" src=\"https:\/\/www.elabra.cl\/informegestion2020\/wp-content\/uploads\/2020\/05\/ODS-15.gif\" alt=\"\" width=\"80\" height=\"80\" \/>[\/vc_column_text][\/vc_column][\/vc_row][vc_row][vc_column][vc_separator][\/vc_column][\/vc_row][vc_row][vc_column width=\u00bb1\/3&#8243;][vc_single_image image=\u00bb1033&#8243; img_size=\u00bbfull\u00bb alignment=\u00bbcenter\u00bb][\/vc_column][vc_column width=\u00bb2\/3&#8243;][vc_column_text]\n<h2>Censo de flamencos<\/h2>\n<p>El Censo de Flamencos Altoandinos es un monitoreo semestral que en 2020 se realiz\u00f3 en los meses de febrero y agosto en los salares de Ascot\u00e1n y Carcote, donde hay alrededor de 12 puntos de muestreo en cada salar. Este monitoreo forma parte de los compromisos establecidos en la RCA N\u00b00114\/2008 y complementa los esfuerzos que realiza la CONAF para la ejecuci\u00f3n del Plan Nacional de Conservaci\u00f3n de Flamencos Altoandinos. En este censo se han detectado los tres flamencos que habitan en Chile; la parina chica (Phoenicoparrus jamesii), la parina grande (Phoenicoparrus andinus) y el flamenco chileno (Phoenicoparrus chilensis).<\/p>\n<p>El objetivo de este programa es hacer un seguimiento de la din\u00e1mica poblacional y reproductiva de los flamencos y su fluctuaci\u00f3n en el tiempo. En los monitoreos, se detect\u00f3 que, comparado con el censo anterior, aument\u00f3 la abundancia de estas aves para el sistema Ascot\u00e1n-Carcote producto de un incremento en la cantidad de ejemplares de parina chica y flamenco chileno.<\/p>\n<p><img loading=\"lazy\" decoding=\"async\" class=\"alignnone wp-image-131\" src=\"https:\/\/www.elabra.cl\/informegestion2020\/wp-content\/uploads\/2020\/05\/ODS-13.gif\" alt=\"\" width=\"80\" height=\"80\" \/> <img loading=\"lazy\" decoding=\"async\" class=\"alignnone wp-image-134\" src=\"https:\/\/www.elabra.cl\/informegestion2020\/wp-content\/uploads\/2020\/05\/ODS-14.gif\" alt=\"\" width=\"80\" height=\"80\" \/> <img loading=\"lazy\" decoding=\"async\" class=\"alignnone wp-image-134\" src=\"https:\/\/www.elabra.cl\/informegestion2020\/wp-content\/uploads\/2020\/05\/ODS-15.gif\" alt=\"\" width=\"80\" height=\"80\" \/>[\/vc_column_text][\/vc_column][\/vc_row][vc_row][vc_column][vc_separator][\/vc_column][\/vc_row][vc_row][vc_column width=\u00bb1\/3&#8243;][vc_single_image image=\u00bb1032&#8243; img_size=\u00bbfull\u00bb alignment=\u00bbcenter\u00bb][\/vc_column][vc_column width=\u00bb2\/3&#8243;][vc_column_text]\n<h2>Manejo ambiental de fauna de baja movilidad<\/h2>\n<p>Como parte de los compromisos establecidos en la RCA N\u00b00114\/2008 que aprueba el Proyecto \u201cLixiviaci\u00f3n de Sulfuros, Sulfolix\u201d, se realiz\u00f3 un plan de rescate y relocalizaci\u00f3n de fauna vertebrada terrestre (reptiles y micromam\u00edferos), que tienen un radio de movilidad acotado. Posteriormente se realiz\u00f3 un monitoreo de los individuos relocalizados como tambi\u00e9n de las poblaciones locales con el fin de evaluar, entre otros aspectos, la preservaci\u00f3n de la diversidad gen\u00e9tica de las especies.<\/p>\n<p><img loading=\"lazy\" decoding=\"async\" class=\"alignnone wp-image-131\" src=\"https:\/\/www.elabra.cl\/informegestion2020\/wp-content\/uploads\/2020\/05\/ODS-13.gif\" alt=\"\" width=\"80\" height=\"80\" \/>[\/vc_column_text][\/vc_column][\/vc_row][vc_row][vc_column][vc_separator][\/vc_column][\/vc_row][vc_row][vc_column][vc_column_text]\n<h2>Estudio de Tasas de Crecimiento de Humedales Altoandinos<\/h2>\n<p>El estudio de Tasas de Crecimiento Anuales de Humedales se realiza de acuerdo a la RCA N\u00b0036\/2001 del proyecto \u201cModificaci\u00f3n Proyecto El Abra Lixiviaci\u00f3n Dep\u00f3sito de Baja Ley (Proyecto ROM)\u201d , que tiene como objetivo principal registrar los crecimientos anuales de vegetaci\u00f3n y sus respectivas capacidades de carga en siete humedales: Amincha, Cebollar, Lasana, Turi, Tocorpuri, Putana y Machuca, distribuidos en ambientes altipl\u00e1nicos, precordilleranos y de desierto interior de la Regi\u00f3n de Antofagasta. La capacidad de carga permite determinar cu\u00e1ntos animales ser\u00eda posible sustentar como sectores de pastoreo.<\/p>\n<p>Durante esta cuarta campa\u00f1a se realiz\u00f3 la cosecha y evaluaci\u00f3n de las especies presentes dentro de las parcelas de exclusi\u00f3n de vegetaci\u00f3n, con lo cual se podr\u00e1 presentar una estimaci\u00f3n de tasas de crecimiento para los humedales analizados.<\/p>\n<p>En t\u00e9rminos generales se determin\u00f3 que los humedales mantienen similares caracter\u00edsticas bi\u00f3ticas y abi\u00f3ticas a lo largo de las campa\u00f1as realizadas. Estos presentan buenas condiciones para el crecimiento de praderas de forma natural y su respectivo pastoreo, pero condiciones poco aptas para la silvicultura. La presencia de fauna de los humedales evaluados se mantuvo similar a campa\u00f1as anteriores en donde destac\u00f3 la identificaci\u00f3n de ganado en Amincha y cam\u00e9lidos silvestres en Cebollar. Para el componente flora, se a\u00f1adieron once nuevas especies al listado hist\u00f3rico registrado en los humedales, sin presencia de especies en categor\u00eda de conservaci\u00f3n.<\/p>\n<p><img loading=\"lazy\" decoding=\"async\" class=\"alignnone wp-image-131\" src=\"https:\/\/www.elabra.cl\/informegestion2020\/wp-content\/uploads\/2020\/05\/ODS-13.gif\" alt=\"\" width=\"80\" height=\"80\" \/> <img loading=\"lazy\" decoding=\"async\" class=\"alignnone wp-image-131\" src=\"https:\/\/www.elabra.cl\/informegestion2020\/wp-content\/uploads\/2020\/05\/ODS-15.gif\" alt=\"\" width=\"80\" height=\"80\" \/>[\/vc_column_text][\/vc_column][\/vc_row][vc_row][vc_column][vc_separator][\/vc_column][\/vc_row][vc_row][vc_column][vc_column_text]\n<h2>Estaci\u00f3n de tratamiento de residuos peligrosos<\/h2>\n<p>A trav\u00e9s de la implementaci\u00f3n de la estaci\u00f3n de tratamiento de residuos peligrosos, se busca reducir el volumen y la disposici\u00f3n final como residuo peligroso de ciertos elementos que son desechados en el desarrollo de los procesos productivos de Minera El Abra.<\/p>\n<p>El objetivo de este centro es procesar los residuos peligrosos para reducir las actividades de manejo y disposici\u00f3n final. Con esto esperamos desclasificar los residuos tratados mediante una moci\u00f3n dirigida a la autoridad sanitaria. Esto permitir\u00e1 que los productos finales se lleven al dep\u00f3sito de residuos industriales, disminuyendo la cantidad de desechos peligrosos y permitiendo una gesti\u00f3n responsable de los procesos productivos de la minera.<\/p>\n<p>Actualmente, se cuenta con un equipo que recicla tubos fluorescentes, el cual los muele, extrayendo el polvillo de vidrio molido y el metal asociado al tubo y, por otro lado, se inertiza el gas que tiene dentro. Luego de este proceso el elemento deja de ser un residuo peligroso. Este proceso permite optimizar en un 80% el volumen de disposici\u00f3n como residuo peligroso.<\/p>\n<p>Asimismo, se est\u00e1 desarrollando un sistema de neutralizaci\u00f3n de peligrosidad de latas como aerosol de pintura para limpiar partes y piezas. El tercer equipo es un compactador que minimiza el volumen de los tarros que conten\u00edan pintura u otros agentes peligrosos. Con ello, se optimiza espacio y se gasta menos recursos en transportar estos elementos. Uno de los beneficios que se proyectan con esta iniciativa es lograr la venta del aluminio que se retira luego de su compactaci\u00f3n, permitiendo tener un sistema de reciclaje de latas de aluminio.<\/p>\n<p><img loading=\"lazy\" decoding=\"async\" class=\"alignnone wp-image-131\" src=\"https:\/\/www.elabra.cl\/informegestion2020\/wp-content\/uploads\/2020\/05\/ODS-09.gif\" alt=\"\" width=\"80\" height=\"80\" srcset=\"https:\/\/www.elabra.cl\/informegestion2020\/wp-content\/uploads\/2020\/05\/ODS-09.gif 120w, https:\/\/www.elabra.cl\/informegestion2020\/wp-content\/uploads\/2020\/05\/ODS-09-50x50.gif 50w\" sizes=\"(max-width: 80px) 100vw, 80px\" \/> <img loading=\"lazy\" decoding=\"async\" class=\"alignnone wp-image-131\" src=\"https:\/\/www.elabra.cl\/informegestion2020\/wp-content\/uploads\/2020\/05\/ODS-12.gif\" alt=\"\" width=\"80\" height=\"80\" \/> <img loading=\"lazy\" decoding=\"async\" class=\"alignnone wp-image-131\" src=\"https:\/\/www.elabra.cl\/informegestion2020\/wp-content\/uploads\/2020\/05\/ODS-13.gif\" alt=\"\" width=\"80\" height=\"80\" \/>[\/vc_column_text][\/vc_column][\/vc_row][vc_row][vc_column][vc_separator][\/vc_column][\/vc_row][vc_row][vc_column][vc_column_text]\n<h2>Auditoria ICMM<\/h2>\n<p>La auditor\u00eda \u201cPerformance Expectations and Copper Mark Assurance\u201d, que forma parte del compromiso de cumplimiento de Freeport-McMoRan con el Marco de Desarrollo Sostenible del ICMM, se llev\u00f3 a cabo en marzo de 2020 en Minera El Abra.<\/p>\n<p>Este a\u00f1o, dado el contexto del COVID-19 la revisi\u00f3n se llev\u00f3 a cabo mediante videoconferencia, evalu\u00e1ndose, por un lado, el cumplimiento relacionado con el Marco de Desarrollo Sostenible de ICMM y los est\u00e1ndares del Global Reporting Initiative (GRI); y la validaci\u00f3n de las expectativas de desempe\u00f1o y las declaraciones de posici\u00f3n del ICMM, que son una parte integral de los requisitos de garant\u00eda del organismo. Se incorpor\u00f3 a ello, este a\u00f1o excepcionalmente, el alcance de los criterios para obtener el reconocimiento Copper Mark, relacionado al desarrollo responsable de la minera.<\/p>\n<p>Entre las conclusiones, no se reconocieron declaraciones o errores sistem\u00e1ticos que pudieran dar cuenta que la empresa no est\u00e1 alineada con el cumplimiento de los est\u00e1ndares propuestos por la ICMM y lo mismo ocurre con los est\u00e1ndares que se deben cumplir para calificar al reconocimiento The Copper Mark.<\/p>\n<p>Entre las observaciones y oportunidades de mejora se destac\u00f3 que la supervisi\u00f3n y participaci\u00f3n de la alta gerencia contin\u00faa siendo el motor de una gesti\u00f3n de riesgos exitosa; que existe una buena cooperaci\u00f3n entre \u00e1reas, que los sistemas mantienen un nivel de madurez y est\u00e1 implementado adecuadamente; que el perfil de riesgo es bien entendido por toda la administraci\u00f3n; el concepto de controles cr\u00edticos es un lenguaje com\u00fan en todas las \u00e1reas de riesgo, ayudando a garantizar una supervisi\u00f3n din\u00e1mica y proactiva.[\/vc_column_text][\/vc_column][\/vc_row][vc_row][vc_column][vc_single_image image=\u00bb1031&#8243; img_size=\u00bbfull\u00bb alignment=\u00bbcenter\u00bb][\/vc_column][\/vc_row][vc_row][vc_column][vc_column_text]\n<h2>Obtenci\u00f3n permiso medioambiental para continuar irrigando ROM 1 hasta el 2029<\/h2>\n<p>Durante 2020 Minera El Abra logr\u00f3 la aprobaci\u00f3n sectorial del proyecto \u201cModificaci\u00f3n del Dep\u00f3sito de Baja Ley, ROM I\u201d, lo que permitir\u00e1 extender la vida \u00fatil del dep\u00f3sito de mineral hasta el a\u00f1o 2029. Esta extensi\u00f3n de tiempo permitir\u00e1 extraer aproximadamente 34.000 toneladas de cobre fino. [\/vc_column_text][\/vc_column][\/vc_row][vc_row][vc_column width=\u00bb1\/2&#8243; offset=\u00bbvc_col-xs-6&#8243;][vc_icon icon_fontawesome=\u00bbfas fa-arrow-left\u00bb color=\u00bbcustom\u00bb custom_color=\u00bb#9ea15c\u00bb link=\u00bburl:http%3A%2F%2Fwww.elabra.cl%2Finformegestion2020%2Fnuestro-entorno%2F|title:Nuestro%20entorno||\u00bb][\/vc_column][vc_column width=\u00bb1\/2&#8243; offset=\u00bbvc_col-xs-6&#8243;][vc_icon icon_fontawesome=\u00bbfas fa-arrow-right\u00bb color=\u00bbcustom\u00bb align=\u00bbright\u00bb custom_color=\u00bb#9ea15c\u00bb link=\u00bburl:http%3A%2F%2Fwww.elabra.cl%2Finformegestion2020%2Fnuestro-entorno%2Frelacionamiento-comunitario%2F|title:Relacionamiento%20comunitario||\u00bb][\/vc_column][\/vc_row]\n","protected":false},"excerpt":{"rendered":"<p>[vc_row][vc_column width=\u00bb2\/3&#8243;][vc_empty_space][vc_custom_heading text=\u00bbEste a\u00f1o, el foco de la Gerencia de Medioambiente estuvo puesto en continuar el trabajo de monitoreo y mantenci\u00f3n de la flora y fauna en sectores en donde operamos. Adem\u00e1s, buscando una mirada de largo plazo para garantizar el desarrollo sostenible, se incorpor\u00f3 un \u00e1rea de manejo de&#8230;<\/p>\n","protected":false},"author":1,"featured_media":0,"parent":14,"menu_order":0,"comment_status":"closed","ping_status":"closed","template":"","meta":{"footnotes":""},"_links":{"self":[{"href":"https:\/\/www.elabra.cl\/informegestion2020\/wp-json\/wp\/v2\/pages\/17"}],"collection":[{"href":"https:\/\/www.elabra.cl\/informegestion2020\/wp-json\/wp\/v2\/pages"}],"about":[{"href":"https:\/\/www.elabra.cl\/informegestion2020\/wp-json\/wp\/v2\/types\/page"}],"author":[{"embeddable":true,"href":"https:\/\/www.elabra.cl\/informegestion2020\/wp-json\/wp\/v2\/users\/1"}],"replies":[{"embeddable":true,"href":"https:\/\/www.elabra.cl\/informegestion2020\/wp-json\/wp\/v2\/comments?post=17"}],"version-history":[{"count":82,"href":"https:\/\/www.elabra.cl\/informegestion2020\/wp-json\/wp\/v2\/pages\/17\/revisions"}],"predecessor-version":[{"id":1205,"href":"https:\/\/www.elabra.cl\/informegestion2020\/wp-json\/wp\/v2\/pages\/17\/revisions\/1205"}],"up":[{"embeddable":true,"href":"https:\/\/www.elabra.cl\/informegestion2020\/wp-json\/wp\/v2\/pages\/14"}],"wp:attachment":[{"href":"https:\/\/www.elabra.cl\/informegestion2020\/wp-json\/wp\/v2\/media?parent=17"}],"curies":[{"name":"wp","href":"https:\/\/api.w.org\/{rel}","templated":true}]}}