{"id":14,"date":"2020-05-12T20:52:26","date_gmt":"2020-05-12T20:52:26","guid":{"rendered":"http:\/\/otromono.cl\/memoabra\/?page_id=14"},"modified":"2024-04-18T15:48:37","modified_gmt":"2024-04-18T15:48:37","slug":"nuestro-entorno","status":"publish","type":"page","link":"https:\/\/www.elabra.cl\/informegestion2020\/nuestro-entorno\/","title":{"rendered":"Nuestro entorno"},"content":{"rendered":"[vc_row css=\u00bb.vc_custom_1615572520809{padding-right: 15px !important;padding-left: 15px !important;}\u00bb][vc_column][vc_row_inner equal_height=\u00bbyes\u00bb gap=\u00bb15&#8243;][vc_column_inner width=\u00bb2\/3&#8243; css=\u00bb.vc_custom_1713455315862{padding-top: 25px !important;padding-right: 25px !important;padding-bottom: 25px !important;padding-left: 25px !important;background-image: url(https:\/\/www.elabra.cl\/informegestion2020\/wp-content\/uploads\/2021\/03\/bg-tit-cap-entorno.jpg?id=870) !important;}\u00bb][vc_custom_heading text=\u00bbCAP\u00cdTULO 2&#8243; font_container=\u00bbtag:p|font_size:20|text_align:left|color:%23dde7f3&#8243; google_fonts=\u00bbfont_family:Ubuntu%3A300%2C300italic%2Cregular%2Citalic%2C500%2C500italic%2C700%2C700italic|font_style:300%20light%20regular%3A300%3Anormal\u00bb el_class=\u00bbcap-mb\u00bb][vc_custom_heading text=\u00bbNUESTRO ENTORNO\u00bb font_container=\u00bbtag:h1|font_size:30|text_align:left|color:%23ffffff\u00bb use_theme_fonts=\u00bbyes\u00bb][vc_column_text]\n<h2><span style=\"color: #ffffff;\">Minera El Abra mantiene un compromiso permanente con el desarrollo sustentable en el entorno donde se emplaza, operando en conformidad con las normas medioambientales y orientada a tener un impacto positivo en su desarrollo operacional.<\/span><\/h2>\n[\/vc_column_text][\/vc_column_inner][vc_column_inner width=\u00bb1\/3&#8243;][vc_single_image image=\u00bb871&#8243; img_size=\u00bbfull\u00bb alignment=\u00bbright\u00bb css=\u00bb.vc_custom_1615579702900{margin-bottom: 0px !important;}\u00bb][\/vc_column_inner][\/vc_row_inner][vc_empty_space][\/vc_column][\/vc_row][vc_row][vc_column][vc_empty_space height=\u00bb15px\u00bb][vc_row_inner][vc_column_inner width=\u00bb1\/2&#8243;][vc_column_text css_animation=\u00bbnone\u00bb]Junto con ello, en t\u00e9rminos de relacionamiento comunitario, existe un di\u00e1logo permanente con los vecinos y vecinas, buscando en todas sus acciones potenciar el desarrollo econ\u00f3mico y social, considerando la identidad cultural de<br \/>\nlas comunidades.<br \/>\nDurante 2020, en l\u00ednea con este enfoque, El Abra obtuvo la certificaci\u00f3n de producci\u00f3n responsable Copper Mark, lo cual garantiza que el proceso de producci\u00f3n de cobre que realizamos cumple con lo m\u00e1s altos est\u00e1ndares de sostenibilidad y contribuye a los Objetivos de Desarrollo Sostenible (ODS) de las Naciones Unidas.[\/vc_column_text][\/vc_column_inner][vc_column_inner width=\u00bb1\/2&#8243;][vc_column_text css_animation=\u00bbnone\u00bb]En el contexto de la crisis sanitaria que afecta fuertemente a las comunidades, reforzamos nuestro apoyo y permanente compromiso. Es por ello, que adaptamos el Fondo Comunitario para que los proyectos presentados respondieran a los desaf\u00edos dados por la pandemia, realizamos donaciones de kits sanitarios, entrega de alimentos, agua potable y combustible, entre otros, todos ellos priorizados y gestionados por los propios l\u00edderes y lideresas de las comunidades. Sumado a esto, se concret\u00f3 el programa \u201cImpulsa El Loa\u201d, iniciativa enfocada en el desarrollo econ\u00f3mico local, buscando generar un c\u00edrculo virtuoso entre los requerimientos de la industria minera y lo que ofrecen los proveedores de la Provincia de El Loa.[\/vc_column_text][\/vc_column_inner][\/vc_row_inner][vc_column_text el_class=\u00bbtit-grafico\u00bb]\n<h2>Inversi\u00f3n Social 2020<\/h2>\n[\/vc_column_text][vc_single_image image=\u00bb1116&#8243; img_size=\u00bbfull\u00bb alignment=\u00bbcenter\u00bb][vc_column_text el_class=\u00bbtit-grafico\u00bb]\n<h2>Inversi\u00f3n Social 2010 &#8211; 2020<\/h2>\n[\/vc_column_text][vc_single_image image=\u00bb1117&#8243; img_size=\u00bbfull\u00bb alignment=\u00bbcenter\u00bb][\/vc_column][\/vc_row][vc_row][vc_column width=\u00bb1\/2&#8243; offset=\u00bbvc_col-xs-6&#8243;][vc_icon icon_fontawesome=\u00bbfas fa-arrow-left\u00bb color=\u00bbcustom\u00bb custom_color=\u00bb#9ea15c\u00bb link=\u00bburl:http%3A%2F%2Fwww.elabra.cl%2Finformegestion2020%2Fnosotros%2Fseguridad%2F|title:Seguridad||\u00bb][\/vc_column][vc_column width=\u00bb1\/2&#8243; offset=\u00bbvc_col-xs-6&#8243;][vc_icon icon_fontawesome=\u00bbfas fa-arrow-right\u00bb color=\u00bbcustom\u00bb align=\u00bbright\u00bb custom_color=\u00bb#9ea15c\u00bb link=\u00bburl:http%3A%2F%2Fwww.elabra.cl%2Finformegestion2020%2Fnuestro-entorno%2Fmedioambiente%2F|title:Medioambiente||\u00bb][\/vc_column][\/vc_row]\n","protected":false},"excerpt":{"rendered":"<p>[vc_row css=\u00bb.vc_custom_1615572520809{padding-right: 15px !important;padding-left: 15px !important;}\u00bb][vc_column][vc_row_inner equal_height=\u00bbyes\u00bb gap=\u00bb15&#8243;][vc_column_inner width=\u00bb2\/3&#8243; css=\u00bb.vc_custom_1713455315862{padding-top: 25px !important;padding-right: 25px !important;padding-bottom: 25px !important;padding-left: 25px !important;background-image: url(https:\/\/www.elabra.cl\/informegestion2020\/wp-content\/uploads\/2021\/03\/bg-tit-cap-entorno.jpg?id=870) !important;}\u00bb][vc_custom_heading text=\u00bbCAP\u00cdTULO 2&#8243; font_container=\u00bbtag:p|font_size:20|text_align:left|color:%23dde7f3&#8243; google_fonts=\u00bbfont_family:Ubuntu%3A300%2C300italic%2Cregular%2Citalic%2C500%2C500italic%2C700%2C700italic|font_style:300%20light%20regular%3A300%3Anormal\u00bb el_class=\u00bbcap-mb\u00bb][vc_custom_heading text=\u00bbNUESTRO ENTORNO\u00bb font_container=\u00bbtag:h1|font_size:30|text_align:left|color:%23ffffff\u00bb use_theme_fonts=\u00bbyes\u00bb][vc_column_text] Minera El Abra mantiene un compromiso permanente con el desarrollo sustentable en el entorno donde se emplaza, operando en conformidad con&#8230;<\/p>\n","protected":false},"author":1,"featured_media":0,"parent":0,"menu_order":0,"comment_status":"closed","ping_status":"closed","template":"","meta":{"footnotes":""},"_links":{"self":[{"href":"https:\/\/www.elabra.cl\/informegestion2020\/wp-json\/wp\/v2\/pages\/14"}],"collection":[{"href":"https:\/\/www.elabra.cl\/informegestion2020\/wp-json\/wp\/v2\/pages"}],"about":[{"href":"https:\/\/www.elabra.cl\/informegestion2020\/wp-json\/wp\/v2\/types\/page"}],"author":[{"embeddable":true,"href":"https:\/\/www.elabra.cl\/informegestion2020\/wp-json\/wp\/v2\/users\/1"}],"replies":[{"embeddable":true,"href":"https:\/\/www.elabra.cl\/informegestion2020\/wp-json\/wp\/v2\/comments?post=14"}],"version-history":[{"count":54,"href":"https:\/\/www.elabra.cl\/informegestion2020\/wp-json\/wp\/v2\/pages\/14\/revisions"}],"predecessor-version":[{"id":1216,"href":"https:\/\/www.elabra.cl\/informegestion2020\/wp-json\/wp\/v2\/pages\/14\/revisions\/1216"}],"wp:attachment":[{"href":"https:\/\/www.elabra.cl\/informegestion2020\/wp-json\/wp\/v2\/media?parent=14"}],"curies":[{"name":"wp","href":"https:\/\/api.w.org\/{rel}","templated":true}]}}