{"id":12,"date":"2020-05-12T20:51:49","date_gmt":"2020-05-12T20:51:49","guid":{"rendered":"http:\/\/otromono.cl\/memoabra\/?page_id=12"},"modified":"2024-04-18T15:48:08","modified_gmt":"2024-04-18T15:48:08","slug":"nosotros","status":"publish","type":"page","link":"https:\/\/www.elabra.cl\/informegestion2020\/nosotros\/","title":{"rendered":"Nosotros"},"content":{"rendered":"[vc_row css=\u00bb.vc_custom_1615572520809{padding-right: 15px !important;padding-left: 15px !important;}\u00bb][vc_column][vc_row_inner equal_height=\u00bbyes\u00bb gap=\u00bb15&#8243;][vc_column_inner width=\u00bb2\/3&#8243; css=\u00bb.vc_custom_1713455287207{padding-top: 25px !important;padding-right: 25px !important;padding-bottom: 25px !important;padding-left: 25px !important;background-image: url(https:\/\/www.elabra.cl\/informegestion2020\/wp-content\/uploads\/2021\/03\/bg-tit-cap-nosotros.jpg?id=833) !important;}\u00bb][vc_custom_heading text=\u00bbCAP\u00cdTULO 1&#8243; font_container=\u00bbtag:p|font_size:20|text_align:left|color:%23dde7f3&#8243; google_fonts=\u00bbfont_family:Ubuntu%3A300%2C300italic%2Cregular%2Citalic%2C500%2C500italic%2C700%2C700italic|font_style:300%20light%20regular%3A300%3Anormal\u00bb el_class=\u00bbcap-mb\u00bb][vc_custom_heading text=\u00bbNOSOTROS\u00bb font_container=\u00bbtag:h1|font_size:30|text_align:left|color:%23dde7f3|line_height:1%2C4&#8243; use_theme_fonts=\u00bbyes\u00bb][vc_column_text]\n<h2><span style=\"color: #dde7f3;\">Minera El Abra, filial de Freeport-McMoRan, es una faena minera de cobre a rajo abierto ubicada a 76 kil\u00f3metros al noreste de la ciudad de Calama, Provincia de El Loa, en la Regi\u00f3n de Antofagasta. Opera hace 24 a\u00f1os y su principal producci\u00f3n son los c\u00e1todos de cobre. En t\u00e9rminos de propiedad, un 51% de las acciones son de Freeport-McMoRan y el otro 49% corresponde a Codelco.<\/span><\/h2>\n[\/vc_column_text][\/vc_column_inner][vc_column_inner width=\u00bb1\/3&#8243;][vc_single_image image=\u00bb848&#8243; img_size=\u00bbfull\u00bb alignment=\u00bbright\u00bb css=\u00bb.vc_custom_1615575738779{margin-bottom: 0px !important;}\u00bb][\/vc_column_inner][\/vc_row_inner][vc_empty_space][\/vc_column][\/vc_row][vc_row css=\u00bb.vc_custom_1615572520809{padding-right: 15px !important;padding-left: 15px !important;}\u00bb][vc_column][vc_row_inner equal_height=\u00bbyes\u00bb gap=\u00bb10&#8243;][vc_column_inner width=\u00bb1\/2&#8243;][vc_column_text]El Abra inici\u00f3 su operaci\u00f3n el 10 de agosto de 1996, con la puesta en marcha de la faena y la producci\u00f3n del primer c\u00e1todo. Actualmente, la empresa es socia de la Asociaci\u00f3n de Industriales de Antofagasta (AIA) y del Consejo Minero. A su vez, a trav\u00e9s de Freeport-McMoRan, forma parte del Consejo Internacional de Miner\u00eda y Metales (ICMM), de The Copper Mark Est\u00e1ndares de Producci\u00f3n Responsable de Cobre, y de la Sociedad Nacional de Miner\u00eda (Sonami).[\/vc_column_text][vc_column_text css=\u00bb.vc_custom_1615835190435{padding-top: 25px !important;padding-right: 25px !important;padding-bottom: 25px !important;padding-left: 25px !important;background-color: #6a8dc5 !important;}\u00bb]\n<h2 style=\"text-align: center;\"><span style=\"color: #ffffff;\"><strong>Misi\u00f3n<\/strong><\/span><\/h2>\n<p><span style=\"color: #ffffff;\">Somos una empresa en b\u00fasqueda continua del desarrollo de nuestra gente y las comunidades donde operamos, con capacidad para adaptarse a los cambios y comprometida con la producci\u00f3n segura.<\/span>[\/vc_column_text][vc_column_text css=\u00bb.vc_custom_1615835221420{padding: 25px !important;background-color: #6a8dc5 !important;}\u00bb]\n<h2 style=\"text-align: center;\"><span style=\"color: #ffffff;\"><strong>Visi\u00f3n<\/strong><\/span><\/h2>\n<p><span style=\"color: #ffffff;\">Hacer de El Abra una empresa m\u00e1s sustentable, con proyecci\u00f3n de futuro y donde la gente est\u00e9 orgullosa de formar parte.<\/span>[\/vc_column_text][vc_raw_html]JTNDZGl2JTIwc3R5bGUlM0QlMjJiYWNrZ3JvdW5kLWNvbG9yJTNBJTIwJTIzNDY2ZWI2JTNCcGFkZGluZyUzQSUyMDIycHglM0Jjb2xvciUzQSUyMCUyM2ZmZiUzQmZvbnQtd2VpZ2h0JTNBJTIwMzAwJTNCYm9yZGVyLXJpZ2h0JTNBJTIwOHB4JTIwc29saWQlMjAlMjNjYmQwZWIlM0Jib3JkZXItbGVmdCUzQSUyMDhweCUyMHNvbGlkJTIwJTIzY2JkMGViJTNCJTIyJTNFJTBBJTNDcCUyMHN0eWxlJTNEJTIydGV4dC1hbGlnbiUzQSUyMHJpZ2h0JTNCJTIyJTNFRW4lMjBlbCUyMGFuJUNDJTgzbyUyMDIwMjAlMkMlMjBFbCUyMEFicmElMjByZWFsaXpvJUNDJTgxJTIwY29tcHJhcyUyMHBvciUyMFVTRCUyMCUzQ3NwYW4lMjBzdHlsZSUzRCUyMmNvbG9yJTNBJTIzZDRiZjQ3JTIyJTNFJTI0NDQ1JTNDJTJGc3BhbiUzRSUyMG1pbGxvbmVzJTJDJTIwY29uJTIwdW4lMjByZWdpc3RybyUyMGRlJTIwJTNDc3BhbiUyMHN0eWxlJTNEJTIyY29sb3IlM0ElMjNkNGJmNDclMjIlM0UxLjY2OCUzQyUyRnNwYW4lM0UlMjBwcm92ZWVkb3Jlcy4lM0MlMkZwJTNFJTBBJTNDJTJGZGl2JTNF[\/vc_raw_html][\/vc_column_inner][vc_column_inner width=\u00bb1\/2&#8243;][vc_column_text]<strong><span style=\"color: #517ebe;\">Distribuci\u00f3n de compras, en %<\/span><\/strong>[\/vc_column_text][vc_single_image image=\u00bb990&#8243; img_size=\u00bbfull\u00bb alignment=\u00bbcenter\u00bb][vc_column_text]<strong><span style=\"color: #517ebe;\">Distribuci\u00f3n de los proveedores, en cifras<br \/>\n<\/span><\/strong>[\/vc_column_text][vc_single_image image=\u00bb991&#8243; img_size=\u00bbfull\u00bb alignment=\u00bbcenter\u00bb][vc_column_text]<strong><span style=\"color: #517ebe;\">Porcentaje de proveedores Regio\u0301n de Antofagasta<br \/>\n<\/span><\/strong>[\/vc_column_text][vc_single_image image=\u00bb992&#8243; img_size=\u00bbfull\u00bb alignment=\u00bbcenter\u00bb][\/vc_column_inner][\/vc_row_inner][\/vc_column][\/vc_row][vc_row][vc_column][vc_empty_space height=\u00bb15px\u00bb][vc_single_image image=\u00bb800&#8243; img_size=\u00bbfull\u00bb alignment=\u00bbcenter\u00bb css_animation=\u00bbfadeIn\u00bb][vc_empty_space height=\u00bb15px\u00bb][\/vc_column][\/vc_row][vc_row][vc_column][vc_column_text]\n<h2>Cifras de Minera El Abra 2020<\/h2>\n[\/vc_column_text][\/vc_column][\/vc_row][vc_row gap=\u00bb15&#8243;][vc_column width=\u00bb1\/2&#8243;][vc_row_inner][vc_column_inner width=\u00bb1\/3&#8243;][vc_single_image image=\u00bb796&#8243; img_size=\u00bbfull\u00bb alignment=\u00bbcenter\u00bb css_animation=\u00bbfadeIn\u00bb][\/vc_column_inner][vc_column_inner width=\u00bb2\/3&#8243;][vc_column_text]\n<p style=\"text-align: left;\"><span style=\"color: #3d74b5;\"><strong>Producci\u00f3n<\/strong><\/span><\/p>\n<p style=\"text-align: left;\">Minera El Abra alcanz\u00f3 una producci\u00f3n de<strong><span style=\"color: #3d74b5;\"> 71.899<\/span><\/strong> toneladas m\u00e9tricas de cobre en 2020.<\/p>\n[\/vc_column_text][\/vc_column_inner][\/vc_row_inner][\/vc_column][vc_column width=\u00bb1\/2&#8243;][vc_row_inner][vc_column_inner width=\u00bb1\/3&#8243;][vc_single_image image=\u00bb795&#8243; img_size=\u00bbfull\u00bb alignment=\u00bbcenter\u00bb css_animation=\u00bbfadeIn\u00bb][\/vc_column_inner][vc_column_inner width=\u00bb2\/3&#8243;][vc_column_text]\n<p style=\"text-align: left;\"><span style=\"color: #3d74b5;\"><strong>Impuestos<\/strong><\/span><\/p>\n<p style=\"text-align: left;\">El total de impuestos pagados en 2020 por El Abra fue de <span style=\"color: #3d74b5;\"><strong>USD 1.211.377<\/strong><\/span>. En impuestos adicionales, impuestos \u00fanicos, cambio de sujero, impuestos honorarios etc. se pagaron <strong><span style=\"color: #3d74b5;\">USD 10.861.888<\/span><\/strong> y en Royalty, <span style=\"color: #3d74b5;\"><strong>USD 158.527<\/strong><\/span><br \/>\n.<\/p>\n[\/vc_column_text][\/vc_column_inner][\/vc_row_inner][\/vc_column][\/vc_row][vc_row gap=\u00bb15&#8243;][vc_column width=\u00bb1\/2&#8243;][vc_row_inner][vc_column_inner width=\u00bb1\/3&#8243;][vc_single_image image=\u00bb794&#8243; img_size=\u00bbfull\u00bb alignment=\u00bbcenter\u00bb css_animation=\u00bbfadeIn\u00bb][\/vc_column_inner][vc_column_inner width=\u00bb2\/3&#8243;][vc_column_text]\n<p style=\"text-align: left;\"><span style=\"color: #3d74b5;\"><strong>Exportaciones<\/strong><\/span><\/p>\n<p style=\"text-align: left;\">Las exportaciones de este per\u00edodo ascendieron a <strong><span style=\"color: #3d74b5;\">70.731<\/span><\/strong> toneladas m\u00e9tricas de cobre.<\/p>\n[\/vc_column_text][\/vc_column_inner][\/vc_row_inner][\/vc_column][vc_column width=\u00bb1\/2&#8243;][vc_row_inner][vc_column_inner width=\u00bb1\/3&#8243;][vc_single_image image=\u00bb793&#8243; img_size=\u00bbfull\u00bb alignment=\u00bbcenter\u00bb css_animation=\u00bbfadeIn\u00bb][\/vc_column_inner][vc_column_inner width=\u00bb2\/3&#8243;][vc_column_text]\n<p style=\"text-align: left;\"><span style=\"color: #3d74b5;\"><strong>Empleo<\/strong><\/span><\/p>\n<p style=\"text-align: left;\">Minera El Abra tiene <span style=\"color: #3d74b5;\"><strong>883<\/strong><\/span> empleadas y empleados propios de los cuales<span style=\"color: #3d74b5;\"><strong> 799<\/strong><\/span> son hombres y 84 mujeres. Asimismo, trabaja con <strong><span style=\"color: #3d74b5;\">735<\/span><\/strong> contratistas (595 hombres y 140 mujeres). El <span style=\"color: #3d74b5;\"><strong>9,5%<\/strong><\/span> de la fuerza laboral propia son mujeres.<\/p>\n[\/vc_column_text][\/vc_column_inner][\/vc_row_inner][\/vc_column][\/vc_row][vc_row][vc_column][vc_empty_space][vc_single_image image=\u00bb802&#8243; img_size=\u00bbfull\u00bb alignment=\u00bbcenter\u00bb css_animation=\u00bbfadeIn\u00bb][vc_empty_space height=\u00bb15px\u00bb][\/vc_column][\/vc_row][vc_row][vc_column][vc_column_text]\n<h2>Impacto sobre el PIB directo e indirecto<\/h2>\n[\/vc_column_text][vc_row_inner gap=\u00bb20&#8243;][vc_column_inner width=\u00bb1\/2&#8243;][vc_column_text]\n<h3><span style=\"color: #517ebe;\">Impacto sobre el PIB directo e indirecto<\/span><\/h3>\n[\/vc_column_text][vc_single_image image=\u00bb997&#8243; img_size=\u00bbfull\u00bb alignment=\u00bbcenter\u00bb][\/vc_column_inner][vc_column_inner width=\u00bb1\/2&#8243;][vc_column_text]\n<h3><span style=\"color: #517ebe;\">Impacto sobre el PIB de la Regio\u0301n de Antofagasta<\/span><\/h3>\n[\/vc_column_text][vc_single_image image=\u00bb998&#8243; img_size=\u00bbfull\u00bb alignment=\u00bbcenter\u00bb][\/vc_column_inner][\/vc_row_inner][\/vc_column][\/vc_row][vc_row][vc_column width=\u00bb1\/6&#8243;][\/vc_column][vc_column width=\u00bb2\/3&#8243;][vc_raw_html]JTNDZGl2JTIwc3R5bGUlM0QlMjJiYWNrZ3JvdW5kLWNvbG9yJTNBJTIwJTIzNDY2ZWI2JTNCcGFkZGluZyUzQSUyMDIycHglM0Jjb2xvciUzQSUyMCUyM2ZmZiUzQmZvbnQtd2VpZ2h0JTNBJTIwMzAwJTNCYm9yZGVyLXJpZ2h0JTNBJTIwOHB4JTIwc29saWQlMjAlMjNjYmQwZWIlM0Jib3JkZXItbGVmdCUzQSUyMDhweCUyMHNvbGlkJTIwJTIzY2JkMGViJTNCJTIyJTNFJTBBJTNDcCUyMHN0eWxlJTNEJTIydGV4dC1hbGlnbiUzQSUyMHJpZ2h0JTNCJTIyJTNFRWwlMjBBYnJhJTIwZXMlMjB1biUyMGFjdG9yJTIwcmVsZXZhbnRlJTIwZW4lMjBsYSUyMGVjb25vbWklQ0MlODFhJTIwbmFjaW9uYWwlMjB5JTIwcmVnaW9uYWwlMkMlMjBhcG9ydGFuZG8lMjBlbiUyMHRvcm5vJTIwYWwlMjAlM0NzcGFuJTIwc3R5bGUlM0QlMjJjb2xvciUzQSUyM2Q0YmY0NyUyMiUzRTElMkMwNCUyNSUzQyUyRnNwYW4lM0UlMjBkZWwlMjBQSUIlMjBkZSUyMGxhJTIwcmVnaW8lQ0MlODFuJTIwcGFyYSUyMGVsJTIwYW4lQ0MlODNvJTIwMjAyMC4lMjAlM0MlMkZwJTNFJTBBJTNDJTJGZGl2JTNF[\/vc_raw_html][\/vc_column][vc_column width=\u00bb1\/6&#8243;][\/vc_column][\/vc_row][vc_row][vc_column width=\u00bb1\/2&#8243;][vc_icon icon_fontawesome=\u00bbfas fa-arrow-left\u00bb color=\u00bbcustom\u00bb custom_color=\u00bb#7598b4&#8243; link=\u00bburl:http%3A%2F%2Fwww.elabra.cl%2Finformegestion2020%2Fcarta-del-presidente%2F|title:El%20Abra%20y%20el%20Manejo%20de%20la%20Pandemia%20Covid-19||\u00bb][\/vc_column][vc_column width=\u00bb1\/2&#8243;][vc_icon icon_fontawesome=\u00bbfas fa-arrow-right\u00bb color=\u00bbcustom\u00bb align=\u00bbright\u00bb custom_color=\u00bb#7598b4&#8243; link=\u00bburl:http%3A%2F%2Fwww.elabra.cl%2Finformegestion2020%2Fnosotros%2Fel-abra-y-el-manejo-de-la-pandemia-covid-19%2F|title:El%20Abra%20y%20el%20Manejo%20de%20la%20Pandemia%20Covid-19||\u00bb][\/vc_column][\/vc_row]\n","protected":false},"excerpt":{"rendered":"<p>[vc_row css=\u00bb.vc_custom_1615572520809{padding-right: 15px !important;padding-left: 15px !important;}\u00bb][vc_column][vc_row_inner equal_height=\u00bbyes\u00bb gap=\u00bb15&#8243;][vc_column_inner width=\u00bb2\/3&#8243; css=\u00bb.vc_custom_1713455287207{padding-top: 25px !important;padding-right: 25px !important;padding-bottom: 25px !important;padding-left: 25px !important;background-image: url(https:\/\/www.elabra.cl\/informegestion2020\/wp-content\/uploads\/2021\/03\/bg-tit-cap-nosotros.jpg?id=833) !important;}\u00bb][vc_custom_heading text=\u00bbCAP\u00cdTULO 1&#8243; font_container=\u00bbtag:p|font_size:20|text_align:left|color:%23dde7f3&#8243; google_fonts=\u00bbfont_family:Ubuntu%3A300%2C300italic%2Cregular%2Citalic%2C500%2C500italic%2C700%2C700italic|font_style:300%20light%20regular%3A300%3Anormal\u00bb el_class=\u00bbcap-mb\u00bb][vc_custom_heading text=\u00bbNOSOTROS\u00bb font_container=\u00bbtag:h1|font_size:30|text_align:left|color:%23dde7f3|line_height:1%2C4&#8243; use_theme_fonts=\u00bbyes\u00bb][vc_column_text] Minera El Abra, filial de Freeport-McMoRan, es una faena minera de cobre a rajo abierto ubicada a 76 kil\u00f3metros al noreste de&#8230;<\/p>\n","protected":false},"author":1,"featured_media":0,"parent":0,"menu_order":0,"comment_status":"closed","ping_status":"closed","template":"","meta":{"footnotes":""},"_links":{"self":[{"href":"https:\/\/www.elabra.cl\/informegestion2020\/wp-json\/wp\/v2\/pages\/12"}],"collection":[{"href":"https:\/\/www.elabra.cl\/informegestion2020\/wp-json\/wp\/v2\/pages"}],"about":[{"href":"https:\/\/www.elabra.cl\/informegestion2020\/wp-json\/wp\/v2\/types\/page"}],"author":[{"embeddable":true,"href":"https:\/\/www.elabra.cl\/informegestion2020\/wp-json\/wp\/v2\/users\/1"}],"replies":[{"embeddable":true,"href":"https:\/\/www.elabra.cl\/informegestion2020\/wp-json\/wp\/v2\/comments?post=12"}],"version-history":[{"count":154,"href":"https:\/\/www.elabra.cl\/informegestion2020\/wp-json\/wp\/v2\/pages\/12\/revisions"}],"predecessor-version":[{"id":1215,"href":"https:\/\/www.elabra.cl\/informegestion2020\/wp-json\/wp\/v2\/pages\/12\/revisions\/1215"}],"wp:attachment":[{"href":"https:\/\/www.elabra.cl\/informegestion2020\/wp-json\/wp\/v2\/media?parent=12"}],"curies":[{"name":"wp","href":"https:\/\/api.w.org\/{rel}","templated":true}]}}