{"id":94,"date":"2020-08-16T17:02:19","date_gmt":"2020-08-16T17:02:19","guid":{"rendered":"https:\/\/www.elabra.cl\/MemoriaDreambuilderChile2019\/?page_id=94"},"modified":"2020-08-25T15:39:52","modified_gmt":"2020-08-25T15:39:52","slug":"presentacion","status":"publish","type":"page","link":"https:\/\/www.elabra.cl\/MemoriaDreambuilderChile2019\/presentacion\/","title":{"rendered":"Presentaci\u00f3n"},"content":{"rendered":"\t\t<div data-elementor-type=\"wp-page\" data-elementor-id=\"94\" class=\"elementor elementor-94\" data-elementor-post-type=\"page\">\n\t\t\t\t\t\t<section class=\"ob-is-breaking-bad elementor-section elementor-top-section elementor-element elementor-element-0387bc5 elementor-section-height-min-height elementor-section-items-stretch elementor-section-boxed elementor-section-height-default\" data-id=\"0387bc5\" data-element_type=\"section\" data-settings=\"{&quot;_ob_bbad_use_it&quot;:&quot;yes&quot;,&quot;_ob_bbad_sssic_use&quot;:&quot;no&quot;,&quot;_ob_glider_is_slider&quot;:&quot;no&quot;}\">\n\t\t\t\t\t\t<div class=\"elementor-container elementor-column-gap-no\">\n\t\t\t\t\t<div class=\"elementor-column elementor-col-50 elementor-top-column elementor-element elementor-element-55730f8 elementor-hidden-phone\" data-id=\"55730f8\" data-element_type=\"column\" data-settings=\"{&quot;background_background&quot;:&quot;classic&quot;,&quot;_ob_bbad_is_stalker&quot;:&quot;no&quot;,&quot;_ob_teleporter_use&quot;:false,&quot;_ob_column_hoveranimator&quot;:&quot;no&quot;,&quot;_ob_column_has_pseudo&quot;:&quot;no&quot;}\">\n\t\t\t<div class=\"elementor-widget-wrap elementor-element-populated\">\n\t\t\t\t\t\t<div class=\"elementor-element elementor-element-bad23da ob-has-background-overlay elementor-widget elementor-widget-shortcode\" data-id=\"bad23da\" data-element_type=\"widget\" data-settings=\"{&quot;sticky&quot;:&quot;top&quot;,&quot;sticky_offset&quot;:101,&quot;_ob_perspektive_use&quot;:&quot;no&quot;,&quot;sticky_on&quot;:[&quot;desktop&quot;,&quot;tablet&quot;,&quot;mobile&quot;],&quot;sticky_effects_offset&quot;:0,&quot;_ob_poopart_use&quot;:&quot;yes&quot;,&quot;_ob_shadough_use&quot;:&quot;no&quot;,&quot;_ob_allow_hoveranimator&quot;:&quot;no&quot;,&quot;_ob_widget_stalker_use&quot;:&quot;no&quot;}\" data-widget_type=\"shortcode.default\">\n\t\t\t\t<div class=\"elementor-widget-container\">\n\t\t\t\t\t<div class=\"elementor-shortcode\">\t\t<div data-elementor-type=\"single\" data-elementor-id=\"116\" class=\"elementor elementor-116\" data-elementor-post-type=\"elementor_library\">\n\t\t\t\t\t<section class=\"ob-is-breaking-bad elementor-section elementor-top-section elementor-element elementor-element-5360fc7 elementor-section-full_width elementor-section-height-default elementor-section-height-default\" data-id=\"5360fc7\" data-element_type=\"section\" data-settings=\"{&quot;background_background&quot;:&quot;classic&quot;,&quot;_ob_bbad_use_it&quot;:&quot;yes&quot;,&quot;_ob_bbad_sssic_use&quot;:&quot;no&quot;,&quot;_ob_glider_is_slider&quot;:&quot;no&quot;}\">\n\t\t\t\t\t\t<div class=\"elementor-container elementor-column-gap-no\">\n\t\t\t\t\t<nav class=\"elementor-column elementor-col-100 elementor-top-column elementor-element elementor-element-415b2f4\" data-id=\"415b2f4\" data-element_type=\"column\" data-settings=\"{&quot;_ob_bbad_is_stalker&quot;:&quot;no&quot;,&quot;_ob_teleporter_use&quot;:false,&quot;_ob_column_hoveranimator&quot;:&quot;no&quot;,&quot;_ob_column_has_pseudo&quot;:&quot;no&quot;}\">\n\t\t\t<div class=\"elementor-widget-wrap elementor-element-populated\">\n\t\t\t\t\t\t<div class=\"elementor-element elementor-element-dc9dd69 elementor-nav-menu__text-align-aside ob-has-background-overlay elementor-widget elementor-widget-nav-menu\" data-id=\"dc9dd69\" data-element_type=\"widget\" data-settings=\"{&quot;layout&quot;:&quot;dropdown&quot;,&quot;submenu_icon&quot;:{&quot;value&quot;:&quot;&lt;i class=\\&quot;fas fa-caret-down\\&quot;&gt;&lt;\\\/i&gt;&quot;,&quot;library&quot;:&quot;fa-solid&quot;},&quot;_ob_perspektive_use&quot;:&quot;no&quot;,&quot;_ob_poopart_use&quot;:&quot;yes&quot;,&quot;_ob_shadough_use&quot;:&quot;no&quot;,&quot;_ob_allow_hoveranimator&quot;:&quot;no&quot;,&quot;_ob_widget_stalker_use&quot;:&quot;no&quot;}\" data-widget_type=\"nav-menu.default\">\n\t\t\t\t<div class=\"elementor-widget-container\">\n\t\t\t\t\t\t<nav class=\"elementor-nav-menu--dropdown elementor-nav-menu__container\" aria-hidden=\"true\">\n\t\t\t\t<ul id=\"menu-2-dc9dd69\" class=\"elementor-nav-menu\"><li class=\"color_present menu-item menu-item-type-post_type menu-item-object-page menu-item-144\"><a href=\"https:\/\/www.elabra.cl\/MemoriaDreambuilderChile2019\/presentacion\/\" class=\"elementor-item\" tabindex=\"-1\">PRESENTACI\u00d3N<\/a><\/li>\n<li class=\"color_antecedente menu-item menu-item-type-custom menu-item-object-custom menu-item-has-children menu-item-145\"><a href=\"#\" class=\"elementor-item elementor-item-anchor\" tabindex=\"-1\">ANTECEDENTES<\/a>\n<ul class=\"sub-menu elementor-nav-menu--dropdown\">\n\t<li class=\"menu-item menu-item-type-post_type menu-item-object-page menu-item-142\"><a href=\"https:\/\/www.elabra.cl\/MemoriaDreambuilderChile2019\/freeport-mcmoran\/\" class=\"elementor-sub-item\" tabindex=\"-1\">Cap\u00edtulo  2 \/ A <br>FREEPORT MCMORAN<\/a><\/li>\n\t<li class=\"menu-item menu-item-type-post_type menu-item-object-page menu-item-312\"><a href=\"https:\/\/www.elabra.cl\/MemoriaDreambuilderChile2019\/programa-dreambuilder\/\" class=\"elementor-sub-item\" tabindex=\"-1\">Cap\u00edtulo  2 \/ B <br>PROGRAMA DREAMBUIDER<\/a><\/li>\n<\/ul>\n<\/li>\n<li class=\"color_dream menu-item menu-item-type-custom menu-item-object-custom menu-item-has-children menu-item-326\"><a href=\"#\" class=\"elementor-item elementor-item-anchor\" tabindex=\"-1\">DREAMBUILDER EN CHILE<\/a>\n<ul class=\"sub-menu elementor-nav-menu--dropdown\">\n\t<li class=\"menu-item menu-item-type-post_type menu-item-object-page menu-item-423\"><a href=\"https:\/\/www.elabra.cl\/MemoriaDreambuilderChile2019\/contexto-pais\/\" class=\"elementor-sub-item\" tabindex=\"-1\">Cap\u00edtulo  3 \/ A <br>CONTEXTO PA\u00cdS<\/a><\/li>\n\t<li class=\"menu-item menu-item-type-post_type menu-item-object-page menu-item-446\"><a href=\"https:\/\/www.elabra.cl\/MemoriaDreambuilderChile2019\/los-inicios-plan-piloto-en-chile-2012-2013\/\" class=\"elementor-sub-item\" tabindex=\"-1\">Cap\u00edtulo 3 \/ B<br>LOS INICIOS: PLAN PILOTO EN CHILE<\/a><\/li>\n\t<li class=\"menu-item menu-item-type-post_type menu-item-object-page menu-item-459\"><a href=\"https:\/\/www.elabra.cl\/MemoriaDreambuilderChile2019\/2013-2019\/\" class=\"elementor-sub-item\" tabindex=\"-1\">Cap\u00edtulo 3 \/ C<BR>2013 \u2013 2019<\/a><\/li>\n\t<li class=\"menu-item menu-item-type-post_type menu-item-object-page menu-item-524\"><a href=\"https:\/\/www.elabra.cl\/MemoriaDreambuilderChile2019\/resultados-nacionales-2019\/\" class=\"elementor-sub-item\" tabindex=\"-1\">Cap\u00edtulo 3 \/ D<br>RESULTADOS NACIONALES 2019<\/a><\/li>\n\t<li class=\"menu-item menu-item-type-post_type menu-item-object-page menu-item-541\"><a href=\"https:\/\/www.elabra.cl\/MemoriaDreambuilderChile2019\/socios-de-dreambuilder\/\" class=\"elementor-sub-item\" tabindex=\"-1\">Cap\u00edtulo 3 \/ E<br>SOCIOS DE DREAMBUILDER<\/a><\/li>\n\t<li class=\"menu-item menu-item-type-post_type menu-item-object-page menu-item-813\"><a href=\"https:\/\/www.elabra.cl\/MemoriaDreambuilderChile2019\/dreambuilder-region-de-antofagasta\/\" class=\"elementor-sub-item\" tabindex=\"-1\">Cap\u00edtulo 3 \/ F<br>DREAMBUILDER REGI\u00d3N DE ANTOFAGASTA<\/a><\/li>\n\t<li class=\"menu-item menu-item-type-post_type menu-item-object-page menu-item-660\"><a href=\"https:\/\/www.elabra.cl\/MemoriaDreambuilderChile2019\/region-metropolitana\/\" class=\"elementor-sub-item\" tabindex=\"-1\">Cap\u00edtulo 3 \/ G<br>REGI\u00d3N METROPOLITANA<\/a><\/li>\n\t<li class=\"menu-item menu-item-type-post_type menu-item-object-page menu-item-690\"><a href=\"https:\/\/www.elabra.cl\/MemoriaDreambuilderChile2019\/iniciativas-en-otras-regiones\/\" class=\"elementor-sub-item\" tabindex=\"-1\">Cap\u00edtulo 3 \/ H<br>INICIATIVAS EN OTRAS REGIONES<\/a><\/li>\n\t<li class=\"menu-item menu-item-type-post_type menu-item-object-page menu-item-718\"><a href=\"https:\/\/www.elabra.cl\/MemoriaDreambuilderChile2019\/comunidad-de-graduadas-dreambuider\/\" class=\"elementor-sub-item\" tabindex=\"-1\">Cap\u00edtulo 3 \/ I<br>COMUNIDAD DE GRADUADAS DREAMBUIDER<\/a><\/li>\n<\/ul>\n<\/li>\n<\/ul>\t\t\t<\/nav>\n\t\t\t\t<\/div>\n\t\t\t\t<\/div>\n\t\t\t\t\t<\/div>\n\t\t<\/nav>\n\t\t\t\t\t<\/div>\n\t\t<\/section>\n\t\t\t\t<\/div>\n\t\t<\/div>\n\t\t\t\t<\/div>\n\t\t\t\t<\/div>\n\t\t\t\t\t<\/div>\n\t\t<\/div>\n\t\t\t\t<div class=\"elementor-column elementor-col-50 elementor-top-column elementor-element elementor-element-6db6ca5\" data-id=\"6db6ca5\" data-element_type=\"column\" data-settings=\"{&quot;_ob_bbad_is_stalker&quot;:&quot;no&quot;,&quot;_ob_teleporter_use&quot;:false,&quot;_ob_column_hoveranimator&quot;:&quot;no&quot;,&quot;_ob_column_has_pseudo&quot;:&quot;no&quot;}\">\n\t\t\t<div class=\"elementor-widget-wrap elementor-element-populated\">\n\t\t\t\t\t\t<section class=\"ob-is-breaking-bad ob-bb-inner elementor-section elementor-inner-section elementor-element elementor-element-d6c4d46 elementor-section-full_width elementor-section-height-min-height elementor-section-height-default\" data-id=\"d6c4d46\" data-element_type=\"section\" data-settings=\"{&quot;background_background&quot;:&quot;classic&quot;,&quot;_ob_bbad_use_it&quot;:&quot;yes&quot;,&quot;_ob_bbad_sssic_use&quot;:&quot;no&quot;,&quot;_ob_glider_is_slider&quot;:&quot;no&quot;}\">\n\t\t\t\t\t\t<div class=\"elementor-container elementor-column-gap-no\">\n\t\t\t\t\t<div class=\"elementor-column elementor-col-100 elementor-inner-column elementor-element elementor-element-f03fc8e\" data-id=\"f03fc8e\" data-element_type=\"column\" data-settings=\"{&quot;background_background&quot;:&quot;classic&quot;,&quot;_ob_bbad_is_stalker&quot;:&quot;no&quot;,&quot;_ob_teleporter_use&quot;:false,&quot;_ob_column_hoveranimator&quot;:&quot;no&quot;,&quot;_ob_column_has_pseudo&quot;:&quot;no&quot;}\">\n\t\t\t<div class=\"elementor-widget-wrap\">\n\t\t\t\t\t\t\t<\/div>\n\t\t<\/div>\n\t\t\t\t\t<\/div>\n\t\t<\/section>\n\t\t\t\t<section class=\"ob-is-breaking-bad ob-bb-inner elementor-section elementor-inner-section elementor-element elementor-element-496b4a5 elementor-section-full_width elementor-section-height-min-height elementor-section-height-default\" data-id=\"496b4a5\" data-element_type=\"section\" data-settings=\"{&quot;background_background&quot;:&quot;classic&quot;,&quot;_ob_bbad_use_it&quot;:&quot;yes&quot;,&quot;_ob_bbad_sssic_use&quot;:&quot;no&quot;,&quot;_ob_glider_is_slider&quot;:&quot;no&quot;}\">\n\t\t\t\t\t\t<div class=\"elementor-container elementor-column-gap-no\">\n\t\t\t\t\t<div class=\"elementor-column elementor-col-100 elementor-inner-column elementor-element elementor-element-91bdd0e\" data-id=\"91bdd0e\" data-element_type=\"column\" data-settings=\"{&quot;background_background&quot;:&quot;classic&quot;,&quot;_ob_bbad_is_stalker&quot;:&quot;no&quot;,&quot;_ob_teleporter_use&quot;:false,&quot;_ob_column_hoveranimator&quot;:&quot;no&quot;,&quot;_ob_column_has_pseudo&quot;:&quot;no&quot;}\">\n\t\t\t<div class=\"elementor-widget-wrap elementor-element-populated\">\n\t\t\t\t\t\t<div class=\"elementor-element elementor-element-b90f583 ob-harakiri-inherit ob-has-background-overlay elementor-widget elementor-widget-heading\" data-id=\"b90f583\" data-element_type=\"widget\" data-settings=\"{&quot;_ob_use_harakiri&quot;:&quot;yes&quot;,&quot;_ob_harakiri_writing_mode&quot;:&quot;inherit&quot;,&quot;_ob_harakiri_text_clip&quot;:&quot;none&quot;,&quot;_ob_perspektive_use&quot;:&quot;no&quot;,&quot;_ob_poopart_use&quot;:&quot;yes&quot;,&quot;_ob_shadough_use&quot;:&quot;no&quot;,&quot;_ob_allow_hoveranimator&quot;:&quot;no&quot;,&quot;_ob_widget_stalker_use&quot;:&quot;no&quot;}\" data-widget_type=\"heading.default\">\n\t\t\t\t<div class=\"elementor-widget-container\">\n\t\t\t<h2 class=\"elementor-heading-title elementor-size-default\">Presentaci\u00f3n<\/h2>\t\t<\/div>\n\t\t\t\t<\/div>\n\t\t\t\t<div class=\"elementor-element elementor-element-4045491 ob-harakiri-inherit ob-has-background-overlay elementor-widget elementor-widget-text-editor\" data-id=\"4045491\" data-element_type=\"widget\" data-settings=\"{&quot;_ob_use_harakiri&quot;:&quot;yes&quot;,&quot;_ob_harakiri_writing_mode&quot;:&quot;inherit&quot;,&quot;_ob_postman_use&quot;:&quot;no&quot;,&quot;_ob_perspektive_use&quot;:&quot;no&quot;,&quot;_ob_poopart_use&quot;:&quot;yes&quot;,&quot;_ob_shadough_use&quot;:&quot;no&quot;,&quot;_ob_allow_hoveranimator&quot;:&quot;no&quot;,&quot;_ob_widget_stalker_use&quot;:&quot;no&quot;}\" data-widget_type=\"text-editor.default\">\n\t\t\t\t<div class=\"elementor-widget-container\">\n\t\t\t\t\t\t\t<p>Hacer los sue\u00f1os realidad es, desde un comienzo, la motivaci\u00f3n y el significado del programa de capacitaci\u00f3n y educaci\u00f3n continua DreamBuilder. Desde 2013, gracias a la visi\u00f3n de Freeport-McMoRan de buscar que las mujeres tengan las mayores oportunidades para participar en el mundo laboral y de promover. el desarrollo econ\u00f3mico de las localidades.<br \/><br \/><\/p><p>Ya han pasado 7 a\u00f1os y este programa ha crecido incesantemente. El acompa\u00f1amiento se inici\u00f3 en las regiones de Antofagasta y Atacama, con un promedio de 100 graduadas anualmente. Hoy se ha logrado ampliar la cobertura del programa DreamBuilder a todas las regiones del pa\u00eds, gracias a alianzas con diferentes actores p\u00fablicos y privados, llegando a m\u00e1s de 1.200 mujeres graduadas durante 2019.<br \/><br \/><\/p><p>Cada una de las cerca de 2.000 emprendedoras graduadas desde que DreamBuilder est\u00e1 en Chile tiene una historia diferente, algunas buscan un nuevo camino, intentan independizarse, tener m\u00e1s tiempo con sus familias, consolidar su negocio o profesionalizar sus conocimientos. Pero hay un factor com\u00fan en nuestro pa\u00eds y es que existe una brecha de g\u00e9nero considerable, donde la desigualdad en los ingresos entre hombres y mujeres alcanza m\u00e1s del 25%.<br \/><br \/><\/p><p>Por otro lado, el 40% de las mujeres de 15 a\u00f1os o m\u00e1s y que no estudian, carecen de autonom\u00eda econ\u00f3mica, pues no cuentan con ingresos propios (Encuesta Suplementaria de Ingresos del INE 2018). Por esto, para muchas mujeres emprender se traduce en el primer paso para generar ingresos, lograr autonom\u00eda financiera y acceso a una mejor calidad de vida.<br \/><br \/><\/p><p>Resulta inspirador ver que nuestras emprendedoras no solo materializan un proyecto, un producto o servicio, sino que encuentran una motivaci\u00f3n, aumentan su confianza y se unen a este gran ecosistema de emprendimiento, en el que el aporte de DreamBuiler es ayudarla a visibilizarse a nivel nacional e internacional.<br \/><br \/><\/p><p>Como Freeport-McMoRan agradecemos a todas las personas que han hecho posible este trabajo y los resultados que se ven reflejados en esta memoria, a nuestros socios a nivel nacional, quienes colaboran desde todas las regiones de Chile, los equipos de El Abra y Freeport-McMoRan, Thunderbird y particularmente al equipo DreamBuilder. Gracias por aportar para que todas estas mujeres logren liderar sus negocios y construir sus sue\u00f1os.<\/p>\t\t\t\t\t\t<\/div>\n\t\t\t\t<\/div>\n\t\t\t\t\t<\/div>\n\t\t<\/div>\n\t\t\t\t\t<\/div>\n\t\t<\/section>\n\t\t\t\t<section class=\"ob-is-breaking-bad ob-bb-inner elementor-section elementor-inner-section elementor-element elementor-element-a09205f elementor-section-boxed elementor-section-height-default elementor-section-height-default\" data-id=\"a09205f\" data-element_type=\"section\" data-settings=\"{&quot;_ob_bbad_use_it&quot;:&quot;yes&quot;,&quot;_ob_bbad_sssic_use&quot;:&quot;no&quot;,&quot;_ob_glider_is_slider&quot;:&quot;no&quot;}\">\n\t\t\t\t\t\t<div class=\"elementor-container elementor-column-gap-default\">\n\t\t\t\t\t<div class=\"elementor-column elementor-col-50 elementor-inner-column elementor-element elementor-element-40df360\" data-id=\"40df360\" data-element_type=\"column\" data-settings=\"{&quot;_ob_bbad_is_stalker&quot;:&quot;no&quot;,&quot;_ob_teleporter_use&quot;:false,&quot;_ob_column_hoveranimator&quot;:&quot;no&quot;,&quot;_ob_column_has_pseudo&quot;:&quot;no&quot;}\">\n\t\t\t<div class=\"elementor-widget-wrap\">\n\t\t\t\t\t\t\t<\/div>\n\t\t<\/div>\n\t\t\t\t<div class=\"elementor-column elementor-col-50 elementor-inner-column elementor-element elementor-element-9240bf4\" data-id=\"9240bf4\" data-element_type=\"column\" data-settings=\"{&quot;_ob_bbad_is_stalker&quot;:&quot;no&quot;,&quot;_ob_teleporter_use&quot;:false,&quot;_ob_column_hoveranimator&quot;:&quot;no&quot;,&quot;_ob_column_has_pseudo&quot;:&quot;no&quot;}\">\n\t\t\t<div class=\"elementor-widget-wrap elementor-element-populated\">\n\t\t\t\t\t\t<div class=\"elementor-element elementor-element-f756081 elementor-widget__width-auto ob-has-background-overlay elementor-widget elementor-widget-button\" data-id=\"f756081\" data-element_type=\"widget\" data-settings=\"{&quot;_ob_butterbutton_use_it&quot;:&quot;no&quot;,&quot;_ob_perspektive_use&quot;:&quot;no&quot;,&quot;_ob_poopart_use&quot;:&quot;yes&quot;,&quot;_ob_shadough_use&quot;:&quot;no&quot;,&quot;_ob_allow_hoveranimator&quot;:&quot;no&quot;,&quot;_ob_widget_stalker_use&quot;:&quot;no&quot;}\" data-widget_type=\"button.default\">\n\t\t\t\t<div class=\"elementor-widget-container\">\n\t\t\t\t\t<div class=\"elementor-button-wrapper\">\n\t\t\t<a class=\"elementor-button elementor-button-link elementor-size-sm\" href=\"https:\/\/www.elabra.cl\/MemoriaDreambuilderChile2019\/freeport-mcmoran\/\">\n\t\t\t\t\t\t<span class=\"elementor-button-content-wrapper\">\n\t\t\t\t\t\t<span class=\"elementor-button-icon elementor-align-icon-right\">\n\t\t\t\t<i aria-hidden=\"true\" class=\"fas fa-chevron-right\"><\/i>\t\t\t<\/span>\n\t\t\t\t\t\t<span class=\"elementor-button-text\">Siguiente<\/span>\n\t\t<\/span>\n\t\t\t\t\t<\/a>\n\t\t<\/div>\n\t\t\t\t<\/div>\n\t\t\t\t<\/div>\n\t\t\t\t\t<\/div>\n\t\t<\/div>\n\t\t\t\t\t<\/div>\n\t\t<\/section>\n\t\t\t\t\t<\/div>\n\t\t<\/div>\n\t\t\t\t\t<\/div>\n\t\t<\/section>\n\t\t\t\t<\/div>\n\t\t","protected":false},"excerpt":{"rendered":"<p>Presentaci\u00f3n Hacer los sue\u00f1os realidad es, desde un comienzo, la motivaci\u00f3n y el significado del programa de capacitaci\u00f3n y educaci\u00f3n continua DreamBuilder. Desde 2013, gracias a la visi\u00f3n de Freeport-McMoRan de buscar que las mujeres tengan las mayores oportunidades para participar en el mundo laboral y de promover. el desarrollo econ\u00f3mico de las localidades. Ya [&hellip;]<\/p>\n","protected":false},"author":1,"featured_media":0,"parent":0,"menu_order":0,"comment_status":"closed","ping_status":"closed","template":"","meta":{"footnotes":""},"_links":{"self":[{"href":"https:\/\/www.elabra.cl\/MemoriaDreambuilderChile2019\/wp-json\/wp\/v2\/pages\/94"}],"collection":[{"href":"https:\/\/www.elabra.cl\/MemoriaDreambuilderChile2019\/wp-json\/wp\/v2\/pages"}],"about":[{"href":"https:\/\/www.elabra.cl\/MemoriaDreambuilderChile2019\/wp-json\/wp\/v2\/types\/page"}],"author":[{"embeddable":true,"href":"https:\/\/www.elabra.cl\/MemoriaDreambuilderChile2019\/wp-json\/wp\/v2\/users\/1"}],"replies":[{"embeddable":true,"href":"https:\/\/www.elabra.cl\/MemoriaDreambuilderChile2019\/wp-json\/wp\/v2\/comments?post=94"}],"version-history":[{"count":27,"href":"https:\/\/www.elabra.cl\/MemoriaDreambuilderChile2019\/wp-json\/wp\/v2\/pages\/94\/revisions"}],"predecessor-version":[{"id":914,"href":"https:\/\/www.elabra.cl\/MemoriaDreambuilderChile2019\/wp-json\/wp\/v2\/pages\/94\/revisions\/914"}],"wp:attachment":[{"href":"https:\/\/www.elabra.cl\/MemoriaDreambuilderChile2019\/wp-json\/wp\/v2\/media?parent=94"}],"curies":[{"name":"wp","href":"https:\/\/api.w.org\/{rel}","templated":true}]}}