{"id":504,"date":"2020-08-22T20:02:39","date_gmt":"2020-08-22T20:02:39","guid":{"rendered":"https:\/\/www.elabra.cl\/MemoriaDreambuilderChile2019\/?page_id=504"},"modified":"2020-08-25T16:35:44","modified_gmt":"2020-08-25T16:35:44","slug":"resultados-nacionales-2019","status":"publish","type":"page","link":"https:\/\/www.elabra.cl\/MemoriaDreambuilderChile2019\/resultados-nacionales-2019\/","title":{"rendered":"Resultados Nacionales 2019"},"content":{"rendered":"\t\t<div data-elementor-type=\"wp-page\" data-elementor-id=\"504\" class=\"elementor elementor-504\" data-elementor-post-type=\"page\">\n\t\t\t\t\t\t<section class=\"ob-is-breaking-bad elementor-section elementor-top-section elementor-element elementor-element-0898b43 elementor-section-boxed elementor-section-height-default elementor-section-height-default\" data-id=\"0898b43\" data-element_type=\"section\" data-settings=\"{&quot;_ob_bbad_use_it&quot;:&quot;yes&quot;,&quot;_ob_bbad_sssic_use&quot;:&quot;no&quot;,&quot;_ob_glider_is_slider&quot;:&quot;no&quot;}\">\n\t\t\t\t\t\t<div class=\"elementor-container elementor-column-gap-no\">\n\t\t\t\t\t<nav class=\"elementor-column elementor-col-50 elementor-top-column elementor-element elementor-element-2baa571 elementor-hidden-phone\" data-id=\"2baa571\" data-element_type=\"column\" data-settings=\"{&quot;background_background&quot;:&quot;classic&quot;,&quot;_ob_bbad_is_stalker&quot;:&quot;no&quot;,&quot;_ob_column_hoveranimator&quot;:&quot;no&quot;,&quot;_ob_column_has_pseudo&quot;:&quot;no&quot;}\">\n\t\t\t<div class=\"elementor-widget-wrap elementor-element-populated\">\n\t\t\t\t\t\t<div class=\"elementor-element elementor-element-0f0bd13 ob-has-background-overlay elementor-widget elementor-widget-shortcode\" data-id=\"0f0bd13\" data-element_type=\"widget\" data-settings=\"{&quot;sticky&quot;:&quot;top&quot;,&quot;sticky_offset&quot;:101,&quot;_ob_perspektive_use&quot;:&quot;no&quot;,&quot;sticky_on&quot;:[&quot;desktop&quot;,&quot;tablet&quot;,&quot;mobile&quot;],&quot;sticky_effects_offset&quot;:0,&quot;_ob_poopart_use&quot;:&quot;yes&quot;,&quot;_ob_shadough_use&quot;:&quot;no&quot;,&quot;_ob_allow_hoveranimator&quot;:&quot;no&quot;,&quot;_ob_widget_stalker_use&quot;:&quot;no&quot;}\" data-widget_type=\"shortcode.default\">\n\t\t\t\t<div class=\"elementor-widget-container\">\n\t\t\t\t\t<div class=\"elementor-shortcode\">\t\t<div data-elementor-type=\"single\" data-elementor-id=\"116\" class=\"elementor elementor-116\" data-elementor-post-type=\"elementor_library\">\n\t\t\t\t\t<section class=\"ob-is-breaking-bad elementor-section elementor-top-section elementor-element elementor-element-5360fc7 elementor-section-full_width elementor-section-height-default elementor-section-height-default\" data-id=\"5360fc7\" data-element_type=\"section\" data-settings=\"{&quot;background_background&quot;:&quot;classic&quot;,&quot;_ob_bbad_use_it&quot;:&quot;yes&quot;,&quot;_ob_bbad_sssic_use&quot;:&quot;no&quot;,&quot;_ob_glider_is_slider&quot;:&quot;no&quot;}\">\n\t\t\t\t\t\t<div class=\"elementor-container elementor-column-gap-no\">\n\t\t\t\t\t<nav class=\"elementor-column elementor-col-100 elementor-top-column elementor-element elementor-element-415b2f4\" data-id=\"415b2f4\" data-element_type=\"column\" data-settings=\"{&quot;_ob_bbad_is_stalker&quot;:&quot;no&quot;,&quot;_ob_teleporter_use&quot;:false,&quot;_ob_column_hoveranimator&quot;:&quot;no&quot;,&quot;_ob_column_has_pseudo&quot;:&quot;no&quot;}\">\n\t\t\t<div class=\"elementor-widget-wrap elementor-element-populated\">\n\t\t\t\t\t\t<div class=\"elementor-element elementor-element-dc9dd69 elementor-nav-menu__text-align-aside ob-has-background-overlay elementor-widget elementor-widget-nav-menu\" data-id=\"dc9dd69\" data-element_type=\"widget\" data-settings=\"{&quot;layout&quot;:&quot;dropdown&quot;,&quot;submenu_icon&quot;:{&quot;value&quot;:&quot;&lt;i class=\\&quot;fas fa-caret-down\\&quot;&gt;&lt;\\\/i&gt;&quot;,&quot;library&quot;:&quot;fa-solid&quot;},&quot;_ob_perspektive_use&quot;:&quot;no&quot;,&quot;_ob_poopart_use&quot;:&quot;yes&quot;,&quot;_ob_shadough_use&quot;:&quot;no&quot;,&quot;_ob_allow_hoveranimator&quot;:&quot;no&quot;,&quot;_ob_widget_stalker_use&quot;:&quot;no&quot;}\" data-widget_type=\"nav-menu.default\">\n\t\t\t\t<div class=\"elementor-widget-container\">\n\t\t\t\t\t\t<nav class=\"elementor-nav-menu--dropdown elementor-nav-menu__container\" aria-hidden=\"true\">\n\t\t\t\t<ul id=\"menu-2-dc9dd69\" class=\"elementor-nav-menu\"><li class=\"color_present menu-item menu-item-type-post_type menu-item-object-page menu-item-144\"><a href=\"https:\/\/www.elabra.cl\/MemoriaDreambuilderChile2019\/presentacion\/\" class=\"elementor-item\" tabindex=\"-1\">PRESENTACI\u00d3N<\/a><\/li>\n<li class=\"color_antecedente menu-item menu-item-type-custom menu-item-object-custom menu-item-has-children menu-item-145\"><a href=\"#\" class=\"elementor-item elementor-item-anchor\" tabindex=\"-1\">ANTECEDENTES<\/a>\n<ul class=\"sub-menu elementor-nav-menu--dropdown\">\n\t<li class=\"menu-item menu-item-type-post_type menu-item-object-page menu-item-142\"><a href=\"https:\/\/www.elabra.cl\/MemoriaDreambuilderChile2019\/freeport-mcmoran\/\" class=\"elementor-sub-item\" tabindex=\"-1\">Cap\u00edtulo  2 \/ A <br>FREEPORT MCMORAN<\/a><\/li>\n\t<li class=\"menu-item menu-item-type-post_type menu-item-object-page menu-item-312\"><a href=\"https:\/\/www.elabra.cl\/MemoriaDreambuilderChile2019\/programa-dreambuilder\/\" class=\"elementor-sub-item\" tabindex=\"-1\">Cap\u00edtulo  2 \/ B <br>PROGRAMA DREAMBUIDER<\/a><\/li>\n<\/ul>\n<\/li>\n<li class=\"color_dream menu-item menu-item-type-custom menu-item-object-custom menu-item-has-children menu-item-326\"><a href=\"#\" class=\"elementor-item elementor-item-anchor\" tabindex=\"-1\">DREAMBUILDER EN CHILE<\/a>\n<ul class=\"sub-menu elementor-nav-menu--dropdown\">\n\t<li class=\"menu-item menu-item-type-post_type menu-item-object-page menu-item-423\"><a href=\"https:\/\/www.elabra.cl\/MemoriaDreambuilderChile2019\/contexto-pais\/\" class=\"elementor-sub-item\" tabindex=\"-1\">Cap\u00edtulo  3 \/ A <br>CONTEXTO PA\u00cdS<\/a><\/li>\n\t<li class=\"menu-item menu-item-type-post_type menu-item-object-page menu-item-446\"><a href=\"https:\/\/www.elabra.cl\/MemoriaDreambuilderChile2019\/los-inicios-plan-piloto-en-chile-2012-2013\/\" class=\"elementor-sub-item\" tabindex=\"-1\">Cap\u00edtulo 3 \/ B<br>LOS INICIOS: PLAN PILOTO EN CHILE<\/a><\/li>\n\t<li class=\"menu-item menu-item-type-post_type menu-item-object-page menu-item-459\"><a href=\"https:\/\/www.elabra.cl\/MemoriaDreambuilderChile2019\/2013-2019\/\" class=\"elementor-sub-item\" tabindex=\"-1\">Cap\u00edtulo 3 \/ C<BR>2013 \u2013 2019<\/a><\/li>\n\t<li class=\"menu-item menu-item-type-post_type menu-item-object-page menu-item-524\"><a href=\"https:\/\/www.elabra.cl\/MemoriaDreambuilderChile2019\/resultados-nacionales-2019\/\" class=\"elementor-sub-item\" tabindex=\"-1\">Cap\u00edtulo 3 \/ D<br>RESULTADOS NACIONALES 2019<\/a><\/li>\n\t<li class=\"menu-item menu-item-type-post_type menu-item-object-page menu-item-541\"><a href=\"https:\/\/www.elabra.cl\/MemoriaDreambuilderChile2019\/socios-de-dreambuilder\/\" class=\"elementor-sub-item\" tabindex=\"-1\">Cap\u00edtulo 3 \/ E<br>SOCIOS DE DREAMBUILDER<\/a><\/li>\n\t<li class=\"menu-item menu-item-type-post_type menu-item-object-page menu-item-813\"><a href=\"https:\/\/www.elabra.cl\/MemoriaDreambuilderChile2019\/dreambuilder-region-de-antofagasta\/\" class=\"elementor-sub-item\" tabindex=\"-1\">Cap\u00edtulo 3 \/ F<br>DREAMBUILDER REGI\u00d3N DE ANTOFAGASTA<\/a><\/li>\n\t<li class=\"menu-item menu-item-type-post_type menu-item-object-page menu-item-660\"><a href=\"https:\/\/www.elabra.cl\/MemoriaDreambuilderChile2019\/region-metropolitana\/\" class=\"elementor-sub-item\" tabindex=\"-1\">Cap\u00edtulo 3 \/ G<br>REGI\u00d3N METROPOLITANA<\/a><\/li>\n\t<li class=\"menu-item menu-item-type-post_type menu-item-object-page menu-item-690\"><a href=\"https:\/\/www.elabra.cl\/MemoriaDreambuilderChile2019\/iniciativas-en-otras-regiones\/\" class=\"elementor-sub-item\" tabindex=\"-1\">Cap\u00edtulo 3 \/ H<br>INICIATIVAS EN OTRAS REGIONES<\/a><\/li>\n\t<li class=\"menu-item menu-item-type-post_type menu-item-object-page menu-item-718\"><a href=\"https:\/\/www.elabra.cl\/MemoriaDreambuilderChile2019\/comunidad-de-graduadas-dreambuider\/\" class=\"elementor-sub-item\" tabindex=\"-1\">Cap\u00edtulo 3 \/ I<br>COMUNIDAD DE GRADUADAS DREAMBUIDER<\/a><\/li>\n<\/ul>\n<\/li>\n<\/ul>\t\t\t<\/nav>\n\t\t\t\t<\/div>\n\t\t\t\t<\/div>\n\t\t\t\t\t<\/div>\n\t\t<\/nav>\n\t\t\t\t\t<\/div>\n\t\t<\/section>\n\t\t\t\t<\/div>\n\t\t<\/div>\n\t\t\t\t<\/div>\n\t\t\t\t<\/div>\n\t\t\t\t\t<\/div>\n\t\t<\/nav>\n\t\t\t\t<div class=\"elementor-column elementor-col-50 elementor-top-column elementor-element elementor-element-b948ba1\" data-id=\"b948ba1\" data-element_type=\"column\" data-settings=\"{&quot;_ob_bbad_is_stalker&quot;:&quot;no&quot;,&quot;_ob_teleporter_use&quot;:false,&quot;_ob_column_hoveranimator&quot;:&quot;no&quot;,&quot;_ob_column_has_pseudo&quot;:&quot;no&quot;}\">\n\t\t\t<div class=\"elementor-widget-wrap elementor-element-populated\">\n\t\t\t\t\t\t<section class=\"ob-is-breaking-bad ob-bb-inner elementor-section elementor-inner-section elementor-element elementor-element-d143774 elementor-section-full_width elementor-section-height-min-height elementor-section-height-default\" data-id=\"d143774\" data-element_type=\"section\" data-settings=\"{&quot;background_background&quot;:&quot;classic&quot;,&quot;_ob_bbad_use_it&quot;:&quot;yes&quot;,&quot;_ob_bbad_sssic_use&quot;:&quot;no&quot;,&quot;_ob_glider_is_slider&quot;:&quot;no&quot;}\">\n\t\t\t\t\t\t<div class=\"elementor-container elementor-column-gap-no\">\n\t\t\t\t\t<div class=\"elementor-column elementor-col-100 elementor-inner-column elementor-element elementor-element-f338c85\" data-id=\"f338c85\" data-element_type=\"column\" data-settings=\"{&quot;background_background&quot;:&quot;classic&quot;,&quot;_ob_bbad_is_stalker&quot;:&quot;no&quot;,&quot;_ob_teleporter_use&quot;:false,&quot;_ob_column_hoveranimator&quot;:&quot;no&quot;,&quot;_ob_column_has_pseudo&quot;:&quot;no&quot;}\">\n\t\t\t<div class=\"elementor-widget-wrap elementor-element-populated\">\n\t\t\t\t\t\t<div class=\"elementor-element elementor-element-d5b1fac ob-harakiri-inherit ob-has-background-overlay elementor-widget elementor-widget-heading\" data-id=\"d5b1fac\" data-element_type=\"widget\" data-settings=\"{&quot;_ob_use_harakiri&quot;:&quot;yes&quot;,&quot;_ob_harakiri_writing_mode&quot;:&quot;inherit&quot;,&quot;_ob_harakiri_text_clip&quot;:&quot;none&quot;,&quot;_ob_perspektive_use&quot;:&quot;no&quot;,&quot;_ob_poopart_use&quot;:&quot;yes&quot;,&quot;_ob_shadough_use&quot;:&quot;no&quot;,&quot;_ob_allow_hoveranimator&quot;:&quot;no&quot;,&quot;_ob_widget_stalker_use&quot;:&quot;no&quot;}\" data-widget_type=\"heading.default\">\n\t\t\t\t<div class=\"elementor-widget-container\">\n\t\t\t<h2 class=\"elementor-heading-title elementor-size-default\">CAP\u00cdTULO 3 \/ D<\/h2>\t\t<\/div>\n\t\t\t\t<\/div>\n\t\t\t\t<div class=\"elementor-element elementor-element-b76c254 ob-harakiri-inherit ob-has-background-overlay elementor-widget elementor-widget-heading\" data-id=\"b76c254\" data-element_type=\"widget\" data-settings=\"{&quot;_ob_use_harakiri&quot;:&quot;yes&quot;,&quot;_ob_harakiri_writing_mode&quot;:&quot;inherit&quot;,&quot;_ob_harakiri_text_clip&quot;:&quot;none&quot;,&quot;_ob_perspektive_use&quot;:&quot;no&quot;,&quot;_ob_poopart_use&quot;:&quot;yes&quot;,&quot;_ob_shadough_use&quot;:&quot;no&quot;,&quot;_ob_allow_hoveranimator&quot;:&quot;no&quot;,&quot;_ob_widget_stalker_use&quot;:&quot;no&quot;}\" data-widget_type=\"heading.default\">\n\t\t\t\t<div class=\"elementor-widget-container\">\n\t\t\t<h2 class=\"elementor-heading-title elementor-size-default\">RESULTADOS NACIONALES 2019<\/h2>\t\t<\/div>\n\t\t\t\t<\/div>\n\t\t\t\t<div class=\"elementor-element elementor-element-bad7569 elementor-widget-divider--view-line ob-has-background-overlay elementor-widget elementor-widget-divider\" data-id=\"bad7569\" data-element_type=\"widget\" data-settings=\"{&quot;_ob_perspektive_use&quot;:&quot;no&quot;,&quot;_ob_poopart_use&quot;:&quot;yes&quot;,&quot;_ob_shadough_use&quot;:&quot;no&quot;,&quot;_ob_allow_hoveranimator&quot;:&quot;no&quot;,&quot;_ob_widget_stalker_use&quot;:&quot;no&quot;}\" data-widget_type=\"divider.default\">\n\t\t\t\t<div class=\"elementor-widget-container\">\n\t\t\t\t\t<div class=\"elementor-divider\">\n\t\t\t<span class=\"elementor-divider-separator\">\n\t\t\t\t\t\t<\/span>\n\t\t<\/div>\n\t\t\t\t<\/div>\n\t\t\t\t<\/div>\n\t\t\t\t<div class=\"elementor-element elementor-element-ae1e56b ob-harakiri-inherit ob-has-background-overlay elementor-widget elementor-widget-text-editor\" data-id=\"ae1e56b\" data-element_type=\"widget\" data-settings=\"{&quot;_ob_use_harakiri&quot;:&quot;yes&quot;,&quot;_ob_harakiri_writing_mode&quot;:&quot;inherit&quot;,&quot;_ob_postman_use&quot;:&quot;no&quot;,&quot;_ob_perspektive_use&quot;:&quot;no&quot;,&quot;_ob_poopart_use&quot;:&quot;yes&quot;,&quot;_ob_shadough_use&quot;:&quot;no&quot;,&quot;_ob_allow_hoveranimator&quot;:&quot;no&quot;,&quot;_ob_widget_stalker_use&quot;:&quot;no&quot;}\" data-widget_type=\"text-editor.default\">\n\t\t\t\t<div class=\"elementor-widget-container\">\n\t\t\t\t\t\t\t<p>Las mujeres que actualmente forman parte de la red de emprendedoras DreamBuilder tienen realidades muy distintas, viven en diferentes localidades, algunas cuentan con acceso a internet y otras no, tienen m\u00e1s o menos conocimientos b\u00e1sicos en computaci\u00f3n y en negocios, pero todas tienen algo en com\u00fan: quieren desarrollar una idea de negocio o hacer crecer su negocio y tienen la iniciativa para concretar sus sue\u00f1os.<span class=\"Apple-converted-space\">\u00a0<\/span><\/p><p>Comparado con a\u00f1os anteriores, en 2019 hubo un crecimiento de casi 10 veces en el n\u00famero de participantes anuales: de 121 a 1.269 personas que se han graduado del programa y un crecimiento de casi 6 veces en el n\u00famero de participantes, de 688 a 4.077 que se registraron en el programa comparado con 2018. Adem\u00e1s, durante 2019 se increment\u00f3 la tasa de graduaci\u00f3n de 18% a 31% respecto del a\u00f1o anterior (16 y 24% es acumulado).<\/p><p>El aumento de la presencia de DreamBuilder en Chile durante 2019 fue logrado gracias a importantes convenios nacionales p\u00fablico-privados, firmados entre Freeport-McMoRan y diversas instituciones de gobierno. Algunas de ellas, como el Ministerio de la Mujer y el Servicio Nacional de Mujeres y la Equidad de G\u00e9nero (SernamEG) y la Fundaci\u00f3n para la Promoci\u00f3n y Desarrollo de la Mujer (PRODEMU), entidades enfocadas en entregar apoyo permanente a las mujeres en diferentes \u00e1mbitos.<\/p>\t\t\t\t\t\t<\/div>\n\t\t\t\t<\/div>\n\t\t\t\t\t<\/div>\n\t\t<\/div>\n\t\t\t\t\t<\/div>\n\t\t<\/section>\n\t\t\t\t<section class=\"ob-is-breaking-bad ob-bb-inner elementor-section elementor-inner-section elementor-element elementor-element-5b5fc85 elementor-section-full_width elementor-section-height-min-height animated-slow elementor-section-height-default elementor-invisible\" data-id=\"5b5fc85\" data-element_type=\"section\" data-settings=\"{&quot;background_background&quot;:&quot;classic&quot;,&quot;animation&quot;:&quot;fadeIn&quot;,&quot;_ob_bbad_use_it&quot;:&quot;yes&quot;,&quot;_ob_bbad_sssic_use&quot;:&quot;no&quot;,&quot;_ob_glider_is_slider&quot;:&quot;no&quot;}\">\n\t\t\t\t\t\t<div class=\"elementor-container elementor-column-gap-no\">\n\t\t\t\t\t<div class=\"elementor-column elementor-col-100 elementor-inner-column elementor-element elementor-element-519df44\" data-id=\"519df44\" data-element_type=\"column\" data-settings=\"{&quot;_ob_bbad_is_stalker&quot;:&quot;no&quot;,&quot;_ob_teleporter_use&quot;:false,&quot;_ob_column_hoveranimator&quot;:&quot;no&quot;,&quot;_ob_column_has_pseudo&quot;:&quot;no&quot;}\">\n\t\t\t<div class=\"elementor-widget-wrap\">\n\t\t\t\t\t\t\t<\/div>\n\t\t<\/div>\n\t\t\t\t\t<\/div>\n\t\t<\/section>\n\t\t\t\t<section class=\"ob-is-breaking-bad ob-bb-inner elementor-section elementor-inner-section elementor-element elementor-element-09dedab elementor-section-full_width elementor-section-height-min-height elementor-section-height-default\" data-id=\"09dedab\" data-element_type=\"section\" data-settings=\"{&quot;background_background&quot;:&quot;classic&quot;,&quot;_ob_bbad_use_it&quot;:&quot;yes&quot;,&quot;_ob_bbad_sssic_use&quot;:&quot;no&quot;,&quot;_ob_glider_is_slider&quot;:&quot;no&quot;}\">\n\t\t\t\t\t\t<div class=\"elementor-container elementor-column-gap-no\">\n\t\t\t\t\t<div class=\"elementor-column elementor-col-100 elementor-inner-column elementor-element elementor-element-9fc18ab\" data-id=\"9fc18ab\" data-element_type=\"column\" data-settings=\"{&quot;background_background&quot;:&quot;classic&quot;,&quot;_ob_bbad_is_stalker&quot;:&quot;no&quot;,&quot;_ob_teleporter_use&quot;:false,&quot;_ob_column_hoveranimator&quot;:&quot;no&quot;,&quot;_ob_column_has_pseudo&quot;:&quot;no&quot;}\">\n\t\t\t<div class=\"elementor-widget-wrap elementor-element-populated\">\n\t\t\t\t\t\t<div class=\"elementor-element elementor-element-961f6ae ob-harakiri-inherit ob-has-background-overlay elementor-widget elementor-widget-text-editor\" data-id=\"961f6ae\" data-element_type=\"widget\" data-settings=\"{&quot;_ob_use_harakiri&quot;:&quot;yes&quot;,&quot;_ob_harakiri_writing_mode&quot;:&quot;inherit&quot;,&quot;_ob_postman_use&quot;:&quot;no&quot;,&quot;_ob_perspektive_use&quot;:&quot;no&quot;,&quot;_ob_poopart_use&quot;:&quot;yes&quot;,&quot;_ob_shadough_use&quot;:&quot;no&quot;,&quot;_ob_allow_hoveranimator&quot;:&quot;no&quot;,&quot;_ob_widget_stalker_use&quot;:&quot;no&quot;}\" data-widget_type=\"text-editor.default\">\n\t\t\t\t<div class=\"elementor-widget-container\">\n\t\t\t\t\t\t\t<p>Con estas entidades, se implementaron planes piloto en varias regiones de Chile, donde se incluy\u00f3 el programa DreamBuilder en su oferta program\u00e1tica dirigida a mujeres emprendedoras y jefas del hogar, que pueden buscar este desarrollo laboral como objetivo de sostenimiento financiero familiar.<span class=\"Apple-converted-space\">\u00a0<\/span><\/p><p>Los resultados de las experiencias del 2019 abren un abanico de oportunidades para ampliar la implementaci\u00f3n del programa DreamBuilder en m\u00e1s comunas del pa\u00eds en los pr\u00f3ximos a\u00f1os.<span class=\"Apple-converted-space\">\u00a0<\/span><\/p><p>A continuaci\u00f3n, se detallan los resultados de personas que se inscribieron en el programa DreamBuilder y las mujeres graduadas de 2013 a la fecha.<\/p>\t\t\t\t\t\t<\/div>\n\t\t\t\t<\/div>\n\t\t\t\t<div class=\"elementor-element elementor-element-b98be10 ob-harakiri-inherit ob-has-background-overlay elementor-widget elementor-widget-heading\" data-id=\"b98be10\" data-element_type=\"widget\" data-settings=\"{&quot;_ob_use_harakiri&quot;:&quot;yes&quot;,&quot;_ob_harakiri_writing_mode&quot;:&quot;inherit&quot;,&quot;_ob_harakiri_text_clip&quot;:&quot;none&quot;,&quot;_ob_perspektive_use&quot;:&quot;no&quot;,&quot;_ob_poopart_use&quot;:&quot;yes&quot;,&quot;_ob_shadough_use&quot;:&quot;no&quot;,&quot;_ob_allow_hoveranimator&quot;:&quot;no&quot;,&quot;_ob_widget_stalker_use&quot;:&quot;no&quot;}\" data-widget_type=\"heading.default\">\n\t\t\t\t<div class=\"elementor-widget-container\">\n\t\t\t<h2 class=\"elementor-heading-title elementor-size-default\">GRADUADAS<br>\nDEL PROGRAMA DREAMBUILDER<br>\nEN CHILE - ACUMULADO<\/h2>\t\t<\/div>\n\t\t\t\t<\/div>\n\t\t\t\t<div class=\"elementor-element elementor-element-60de055 elementor-invisible ob-has-background-overlay elementor-widget elementor-widget-image\" data-id=\"60de055\" data-element_type=\"widget\" data-settings=\"{&quot;_animation&quot;:&quot;zoomIn&quot;,&quot;_ob_photomorph_use&quot;:&quot;no&quot;,&quot;_ob_perspektive_use&quot;:&quot;no&quot;,&quot;_ob_poopart_use&quot;:&quot;yes&quot;,&quot;_ob_shadough_use&quot;:&quot;no&quot;,&quot;_ob_allow_hoveranimator&quot;:&quot;no&quot;,&quot;_ob_widget_stalker_use&quot;:&quot;no&quot;}\" data-widget_type=\"image.default\">\n\t\t\t\t<div class=\"elementor-widget-container\">\n\t\t\t\t\t\t\t\t\t\t\t\t\t<img decoding=\"async\" width=\"1\" height=\"1\" src=\"https:\/\/www.elabra.cl\/MemoriaDreambuilderChile2019\/wp-content\/uploads\/2020\/08\/grafico.svg\" class=\"attachment-large size-large wp-image-517\" alt=\"\" \/>\t\t\t\t\t\t\t\t\t\t\t\t\t<\/div>\n\t\t\t\t<\/div>\n\t\t\t\t\t<\/div>\n\t\t<\/div>\n\t\t\t\t\t<\/div>\n\t\t<\/section>\n\t\t\t\t<section class=\"ob-is-breaking-bad ob-bb-inner elementor-section elementor-inner-section elementor-element elementor-element-3ff8e50 elementor-section-boxed elementor-section-height-default elementor-section-height-default\" data-id=\"3ff8e50\" data-element_type=\"section\" data-settings=\"{&quot;_ob_bbad_use_it&quot;:&quot;yes&quot;,&quot;_ob_bbad_sssic_use&quot;:&quot;no&quot;,&quot;_ob_glider_is_slider&quot;:&quot;no&quot;}\">\n\t\t\t\t\t\t<div class=\"elementor-container elementor-column-gap-default\">\n\t\t\t\t\t<div class=\"elementor-column elementor-col-50 elementor-inner-column elementor-element elementor-element-e99e391\" data-id=\"e99e391\" data-element_type=\"column\" data-settings=\"{&quot;_ob_bbad_is_stalker&quot;:&quot;no&quot;,&quot;_ob_teleporter_use&quot;:false,&quot;_ob_column_hoveranimator&quot;:&quot;no&quot;,&quot;_ob_column_has_pseudo&quot;:&quot;no&quot;}\">\n\t\t\t<div class=\"elementor-widget-wrap elementor-element-populated\">\n\t\t\t\t\t\t<div class=\"elementor-element elementor-element-2aac07f elementor-widget__width-auto ob-has-background-overlay elementor-widget elementor-widget-button\" data-id=\"2aac07f\" data-element_type=\"widget\" data-settings=\"{&quot;_ob_butterbutton_use_it&quot;:&quot;no&quot;,&quot;_ob_perspektive_use&quot;:&quot;no&quot;,&quot;_ob_poopart_use&quot;:&quot;yes&quot;,&quot;_ob_shadough_use&quot;:&quot;no&quot;,&quot;_ob_allow_hoveranimator&quot;:&quot;no&quot;,&quot;_ob_widget_stalker_use&quot;:&quot;no&quot;}\" data-widget_type=\"button.default\">\n\t\t\t\t<div class=\"elementor-widget-container\">\n\t\t\t\t\t<div class=\"elementor-button-wrapper\">\n\t\t\t<a class=\"elementor-button elementor-button-link elementor-size-sm\" href=\"https:\/\/www.elabra.cl\/MemoriaDreambuilderChile2019\/2013-2019\/\">\n\t\t\t\t\t\t<span class=\"elementor-button-content-wrapper\">\n\t\t\t\t\t\t<span class=\"elementor-button-icon elementor-align-icon-left\">\n\t\t\t\t<i aria-hidden=\"true\" class=\"fas fa-chevron-left\"><\/i>\t\t\t<\/span>\n\t\t\t\t\t\t<span class=\"elementor-button-text\">Anterior<\/span>\n\t\t<\/span>\n\t\t\t\t\t<\/a>\n\t\t<\/div>\n\t\t\t\t<\/div>\n\t\t\t\t<\/div>\n\t\t\t\t\t<\/div>\n\t\t<\/div>\n\t\t\t\t<div class=\"elementor-column elementor-col-50 elementor-inner-column elementor-element elementor-element-417263e\" data-id=\"417263e\" data-element_type=\"column\" data-settings=\"{&quot;_ob_bbad_is_stalker&quot;:&quot;no&quot;,&quot;_ob_teleporter_use&quot;:false,&quot;_ob_column_hoveranimator&quot;:&quot;no&quot;,&quot;_ob_column_has_pseudo&quot;:&quot;no&quot;}\">\n\t\t\t<div class=\"elementor-widget-wrap elementor-element-populated\">\n\t\t\t\t\t\t<div class=\"elementor-element elementor-element-1e98f93 elementor-widget__width-auto ob-has-background-overlay elementor-widget elementor-widget-button\" data-id=\"1e98f93\" data-element_type=\"widget\" data-settings=\"{&quot;_ob_butterbutton_use_it&quot;:&quot;no&quot;,&quot;_ob_perspektive_use&quot;:&quot;no&quot;,&quot;_ob_poopart_use&quot;:&quot;yes&quot;,&quot;_ob_shadough_use&quot;:&quot;no&quot;,&quot;_ob_allow_hoveranimator&quot;:&quot;no&quot;,&quot;_ob_widget_stalker_use&quot;:&quot;no&quot;}\" data-widget_type=\"button.default\">\n\t\t\t\t<div class=\"elementor-widget-container\">\n\t\t\t\t\t<div class=\"elementor-button-wrapper\">\n\t\t\t<a class=\"elementor-button elementor-button-link elementor-size-sm\" href=\"https:\/\/www.elabra.cl\/MemoriaDreambuilderChile2019\/socios-de-dreambuilder\/\">\n\t\t\t\t\t\t<span class=\"elementor-button-content-wrapper\">\n\t\t\t\t\t\t<span class=\"elementor-button-icon elementor-align-icon-right\">\n\t\t\t\t<i aria-hidden=\"true\" class=\"fas fa-chevron-right\"><\/i>\t\t\t<\/span>\n\t\t\t\t\t\t<span class=\"elementor-button-text\">Siguiente<\/span>\n\t\t<\/span>\n\t\t\t\t\t<\/a>\n\t\t<\/div>\n\t\t\t\t<\/div>\n\t\t\t\t<\/div>\n\t\t\t\t\t<\/div>\n\t\t<\/div>\n\t\t\t\t\t<\/div>\n\t\t<\/section>\n\t\t\t\t\t<\/div>\n\t\t<\/div>\n\t\t\t\t\t<\/div>\n\t\t<\/section>\n\t\t\t\t<\/div>\n\t\t","protected":false},"excerpt":{"rendered":"<p>CAP\u00cdTULO 3 \/ D RESULTADOS NACIONALES 2019 Las mujeres que actualmente forman parte de la red de emprendedoras DreamBuilder tienen realidades muy distintas, viven en diferentes localidades, algunas cuentan con acceso a internet y otras no, tienen m\u00e1s o menos conocimientos b\u00e1sicos en computaci\u00f3n y en negocios, pero todas tienen algo en com\u00fan: quieren desarrollar [&hellip;]<\/p>\n","protected":false},"author":1,"featured_media":0,"parent":0,"menu_order":0,"comment_status":"closed","ping_status":"closed","template":"","meta":{"footnotes":""},"_links":{"self":[{"href":"https:\/\/www.elabra.cl\/MemoriaDreambuilderChile2019\/wp-json\/wp\/v2\/pages\/504"}],"collection":[{"href":"https:\/\/www.elabra.cl\/MemoriaDreambuilderChile2019\/wp-json\/wp\/v2\/pages"}],"about":[{"href":"https:\/\/www.elabra.cl\/MemoriaDreambuilderChile2019\/wp-json\/wp\/v2\/types\/page"}],"author":[{"embeddable":true,"href":"https:\/\/www.elabra.cl\/MemoriaDreambuilderChile2019\/wp-json\/wp\/v2\/users\/1"}],"replies":[{"embeddable":true,"href":"https:\/\/www.elabra.cl\/MemoriaDreambuilderChile2019\/wp-json\/wp\/v2\/comments?post=504"}],"version-history":[{"count":17,"href":"https:\/\/www.elabra.cl\/MemoriaDreambuilderChile2019\/wp-json\/wp\/v2\/pages\/504\/revisions"}],"predecessor-version":[{"id":922,"href":"https:\/\/www.elabra.cl\/MemoriaDreambuilderChile2019\/wp-json\/wp\/v2\/pages\/504\/revisions\/922"}],"wp:attachment":[{"href":"https:\/\/www.elabra.cl\/MemoriaDreambuilderChile2019\/wp-json\/wp\/v2\/media?parent=504"}],"curies":[{"name":"wp","href":"https:\/\/api.w.org\/{rel}","templated":true}]}}